{"id":11811,"date":"2020-04-28T15:48:26","date_gmt":"2020-04-28T13:48:26","guid":{"rendered":"https:\/\/www.pepiniere-boisdelalau.fr\/?page_id=11811"},"modified":"2021-05-10T09:46:13","modified_gmt":"2021-05-10T07:46:13","slug":"nos-plantes-vedettes","status":"publish","type":"page","link":"https:\/\/www.pepiniere-boisdelalau.fr\/index.php\/nos-plantes\/nos-plantes-vedettes\/","title":{"rendered":"Nos plantes vedettes"},"content":{"rendered":"\t\t<div data-elementor-type=\"wp-page\" data-elementor-id=\"11811\" class=\"elementor elementor-11811\">\n\t\t\t\t\t\t<section class=\"elementor-section elementor-top-section elementor-element elementor-element-d4dd29a elementor-section-boxed elementor-section-height-default elementor-section-height-default\" data-id=\"d4dd29a\" data-element_type=\"section\" data-e-type=\"section\">\n\t\t\t\t\t\t<div class=\"elementor-container elementor-column-gap-default\">\n\t\t\t\t\t<div class=\"elementor-column elementor-col-100 elementor-top-column elementor-element elementor-element-dbe47af\" data-id=\"dbe47af\" data-element_type=\"column\" data-e-type=\"column\">\n\t\t\t<div class=\"elementor-widget-wrap elementor-element-populated\">\n\t\t\t\t\t\t<div class=\"elementor-element elementor-element-ea6e439 elementor-alert-warning elementor-hidden-desktop elementor-hidden-tablet elementor-hidden-phone elementor-widget elementor-widget-alert\" data-id=\"ea6e439\" data-element_type=\"widget\" data-e-type=\"widget\" data-widget_type=\"alert.default\">\n\t\t\t\t<div class=\"elementor-widget-container\">\n\t\t\t\t\t\t\t<div class=\"elementor-alert\" role=\"alert\">\n\n\t\t\t\t\t\t<span class=\"elementor-alert-title\"><i aria-hidden=\"true\" style=\"color:#F3D617\" class=\"fas fa-info-circle\"><\/i> Service mise en place pendant et apr\u00e8s le confinement*.<\/span>\n\t\t\t\n\t\t\t\t\t\t<span class=\"elementor-alert-description\"><p>\nVeuillez retrouver toute l'actualit\u00e9 et service mis en place sur <a href=\"https:\/\/www.pepiniere-boisdelalau.fr\/index.php\/covid-19\/\"> cette page<\/a>. \n<\/p>\n<p>\n*  <font size=\"0.4 pt\">Nous maintenons le service jusqu'au 7 mai 2021.<\/font> \n<\/p>\n<div class=\"elementor-element elementor-element-23c101f elementor-button-warning elementor-widget elementor-widget-button\" data-id=\"23c101f\" data-element_type=\"widget\" data-widget_type=\"button.default\">\n<div class=\"elementor-widget-container\">\n<div class=\"elementor-button-wrapper\">\n<a href=\"https:\/\/www.pepiniere-boisdelalau.fr\/index.php\/covid-19\/\" rel=\"nofollow\" class=\"elementor-button-link elementor-button elementor-size-md\" role=\"button\">\n<span class=\"elementor-button-content-wrapper\">\n<span class=\"elementor-button-icon elementor-align-icon-left\">\n<\/span>\n<span class=\"elementor-button-text\">Service propos\u00e9<\/span>\n<\/span>\n<\/a>\n<\/div>\n<\/div>\n<\/div><\/span>\n\t\t\t\n\t\t\t\t\t\t<button type=\"button\" class=\"elementor-alert-dismiss\" aria-label=\"Ignorer cette alerte.\">\n\t\t\t\t\t\t\t\t\t<span aria-hidden=\"true\">&times;<\/span>\n\t\t\t\t\t\t\t<\/button>\n\t\t\t\n\t\t<\/div>\n\t\t\t\t\t\t<\/div>\n\t\t\t\t<\/div>\n\t\t\t\t<div class=\"elementor-element elementor-element-ae6f239 elementor-widget elementor-widget-heading\" data-id=\"ae6f239\" data-element_type=\"widget\" data-e-type=\"widget\" data-widget_type=\"heading.default\">\n\t\t\t\t<div class=\"elementor-widget-container\">\n\t\t\t\t\t<h2 class=\"elementor-heading-title elementor-size-default\">Nos plantes vedettes:<\/h2>\t\t\t\t<\/div>\n\t\t\t\t<\/div>\n\t\t\t\t<div class=\"elementor-element elementor-element-b6c3d04 elementor-widget elementor-widget-text-editor\" data-id=\"b6c3d04\" data-element_type=\"widget\" data-e-type=\"widget\" data-widget_type=\"text-editor.default\">\n\t\t\t\t<div class=\"elementor-widget-container\">\n\t\t\t\t\t\t\t\t\t<p>Nous les avons s\u00e9lectionn\u00e9es pour leurs rusticit\u00e9s, originalit\u00e9s ou\/et notre pr\u00e9f\u00e9rence.<\/p>\t\t\t\t\t\t\t\t<\/div>\n\t\t\t\t<\/div>\n\t\t\t\t\t<\/div>\n\t\t<\/div>\n\t\t\t\t\t<\/div>\n\t\t<\/section>\n\t\t\t\t<section class=\"elementor-section elementor-top-section elementor-element elementor-element-786ba9f elementor-section-boxed elementor-section-height-default elementor-section-height-default\" data-id=\"786ba9f\" data-element_type=\"section\" data-e-type=\"section\">\n\t\t\t\t\t\t<div class=\"elementor-container elementor-column-gap-default\">\n\t\t\t\t\t<div class=\"elementor-column elementor-col-100 elementor-top-column elementor-element elementor-element-4b1073f\" data-id=\"4b1073f\" data-element_type=\"column\" data-e-type=\"column\">\n\t\t\t<div class=\"elementor-widget-wrap elementor-element-populated\">\n\t\t\t\t\t\t<section class=\"elementor-section elementor-inner-section elementor-element elementor-element-d2bfa40 elementor-section-boxed elementor-section-height-default elementor-section-height-default\" data-id=\"d2bfa40\" data-element_type=\"section\" data-e-type=\"section\">\n\t\t\t\t\t\t<div class=\"elementor-container elementor-column-gap-default\">\n\t\t\t\t\t<div class=\"elementor-column elementor-col-50 elementor-inner-column elementor-element elementor-element-82f9608\" data-id=\"82f9608\" data-element_type=\"column\" data-e-type=\"column\" data-settings=\"{&quot;background_background&quot;:&quot;classic&quot;}\">\n\t\t\t<div class=\"elementor-widget-wrap elementor-element-populated\">\n\t\t\t\t\t<div class=\"elementor-background-overlay\"><\/div>\n\t\t\t\t\t\t<div class=\"elementor-element elementor-element-a1c7d98 elementor-widget elementor-widget-text-editor\" data-id=\"a1c7d98\" data-element_type=\"widget\" data-e-type=\"widget\" data-widget_type=\"text-editor.default\">\n\t\t\t\t<div class=\"elementor-widget-container\">\n\t\t\t\t\t\t\t\t\t<p><span style=\"color: #000000;\">Les grenadiers que nous avons choisi viennent du Caucase, ils sont rustique et font de grosses et d\u00e9licieuses grenades sucr\u00e9es.<\/span> <a href=\"https:\/\/www.pepiniere-boisdelalau.fr\/index.php\/nos-plantes\/nos-plantes-vedettes\/le-grenadier-a-fruit\/\">D\u00e9couvrez les maintenant<\/a>.<\/p>\t\t\t\t\t\t\t\t<\/div>\n\t\t\t\t<\/div>\n\t\t\t\t\t<\/div>\n\t\t<\/div>\n\t\t\t\t<div class=\"elementor-column elementor-col-50 elementor-inner-column elementor-element elementor-element-b497ec4\" data-id=\"b497ec4\" data-element_type=\"column\" data-e-type=\"column\" data-settings=\"{&quot;background_background&quot;:&quot;classic&quot;}\">\n\t\t\t<div class=\"elementor-widget-wrap elementor-element-populated\">\n\t\t\t\t\t<div class=\"elementor-background-overlay\"><\/div>\n\t\t\t\t\t\t<div class=\"elementor-element elementor-element-9c4755f elementor-widget elementor-widget-text-editor\" data-id=\"9c4755f\" data-element_type=\"widget\" data-e-type=\"widget\" data-widget_type=\"text-editor.default\">\n\t\t\t\t<div class=\"elementor-widget-container\">\n\t\t\t\t\t\t\t\t\t<p><span style=\"color: #000000;\">Les poivriers qu&rsquo;on a s\u00e9lectionn\u00e9 sont rustiques et s&rsquo;adaptent \u00e0 tout les sols. Nous avons le<\/span> <a href=\"https:\/\/www.pepiniere-boisdelalau.fr\/index.php\/nos-plantes\/nos-plantes-vedettes\/gattilier-poivre-des-moines\/\">p<\/a><a href=\"https:\/\/www.pepiniere-boisdelalau.fr\/index.php\/nos-plantes\/nos-plantes-vedettes\/gattilier-poivre-des-moines\/\">oivre des moine<\/a><a href=\"https:\/\/www.pepiniere-boisdelalau.fr\/index.php\/nos-plantes\/nos-plantes-vedettes\/gattilier-poivre-des-moines\/\">s<\/a><span style=\"color: #000000;\"> qui r\u00e9siste \u00e0 -20\u00b0C et le<\/span> <a href=\"https:\/\/www.pepiniere-boisdelalau.fr\/index.php\/nos-plantes\/nos-plantes-vedettes\/poivre-de-sichuan\/\">poivrier de Sichuan<\/a> <span style=\"color: #000000;\">quant \u00e0 lui de -15\u00b0C jusqu&rsquo;\u00e0 -20\u00b0C. D\u00e9couvrez aussi le poivrier des Andes ou le poivrier du br\u00e9sil, ainsi que le <a href=\"https:\/\/www.pepiniere-boisdelalau.fr\/index.php\/poivrier-de-chine\/\">poivrier de chine<\/a>.<br \/><\/span><\/p>\t\t\t\t\t\t\t\t<\/div>\n\t\t\t\t<\/div>\n\t\t\t\t\t<\/div>\n\t\t<\/div>\n\t\t\t\t\t<\/div>\n\t\t<\/section>\n\t\t\t\t<section class=\"elementor-section elementor-inner-section elementor-element elementor-element-d37015a elementor-section-boxed elementor-section-height-default elementor-section-height-default\" data-id=\"d37015a\" data-element_type=\"section\" data-e-type=\"section\">\n\t\t\t\t\t\t<div class=\"elementor-container elementor-column-gap-default\">\n\t\t\t\t\t<div class=\"elementor-column elementor-col-50 elementor-inner-column elementor-element elementor-element-33f74bd\" data-id=\"33f74bd\" data-element_type=\"column\" data-e-type=\"column\" data-settings=\"{&quot;background_background&quot;:&quot;classic&quot;}\">\n\t\t\t<div class=\"elementor-widget-wrap elementor-element-populated\">\n\t\t\t\t\t<div class=\"elementor-background-overlay\"><\/div>\n\t\t\t\t\t\t<div class=\"elementor-element elementor-element-11f5e79 elementor-widget elementor-widget-text-editor\" data-id=\"11f5e79\" data-element_type=\"widget\" data-e-type=\"widget\" data-widget_type=\"text-editor.default\">\n\t\t\t\t<div class=\"elementor-widget-container\">\n\t\t\t\t\t\t\t\t\t<p><a href=\"https:\/\/www.pepiniere-boisdelalau.fr\/index.php\/nos-plantes\/nos-plantes-vedettes\/larbre-aux-faisans\/\">L&rsquo;arbre aux faisans<\/a><span style=\"color: #000000;\"> est un petit arbuste d&rsquo;1m80 qui s&rsquo;adapte a tout type de sols ainsi qu&rsquo;au soleil ou l&rsquo;ombre, il est <strong><span style=\"text-decoration: underline;\">polyvalent<\/span><\/strong>. Certain l\u2019appelle la \u00ab\u00a0baraque aux oiseaux\u00a0\u00bb car ces baies nourrissent tout les oiseaux ainsi les faisans.<br \/><\/span><\/p>\t\t\t\t\t\t\t\t<\/div>\n\t\t\t\t<\/div>\n\t\t\t\t\t<\/div>\n\t\t<\/div>\n\t\t\t\t<div class=\"elementor-column elementor-col-50 elementor-inner-column elementor-element elementor-element-30ab952\" data-id=\"30ab952\" data-element_type=\"column\" data-e-type=\"column\" data-settings=\"{&quot;background_background&quot;:&quot;classic&quot;}\">\n\t\t\t<div class=\"elementor-widget-wrap elementor-element-populated\">\n\t\t\t\t\t<div class=\"elementor-background-overlay\"><\/div>\n\t\t\t\t\t\t<div class=\"elementor-element elementor-element-4b98a0b elementor-widget elementor-widget-text-editor\" data-id=\"4b98a0b\" data-element_type=\"widget\" data-e-type=\"widget\" data-widget_type=\"text-editor.default\">\n\t\t\t\t<div class=\"elementor-widget-container\">\n\t\t\t\t\t\t\t\t\t<p><span style=\"color: #000000;\">D\u00e9couvrez nos<\/span> <a href=\"https:\/\/www.pepiniere-boisdelalau.fr\/index.php\/nos-plantes\/nos-plantes-vedettes\/le-grenadier-a-fleurs\/\">grenadiers \u00e0 fleurs nain<\/a> <span style=\"color: #000000;\">pour \u00e9gayer votre jardin par ses fleurs orang\u00e9s. Il fleurit jusqu\u2019\u00e0 6 mois et fait de toutes petites grenades d\u00e9coratives.<\/span><\/p>\t\t\t\t\t\t\t\t<\/div>\n\t\t\t\t<\/div>\n\t\t\t\t\t<\/div>\n\t\t<\/div>\n\t\t\t\t\t<\/div>\n\t\t<\/section>\n\t\t\t\t<section class=\"elementor-section elementor-inner-section elementor-element elementor-element-17ae01b elementor-section-boxed elementor-section-height-default elementor-section-height-default\" data-id=\"17ae01b\" data-element_type=\"section\" data-e-type=\"section\">\n\t\t\t\t\t\t<div class=\"elementor-container elementor-column-gap-default\">\n\t\t\t\t\t<div class=\"elementor-column elementor-col-50 elementor-inner-column elementor-element elementor-element-3432e40\" data-id=\"3432e40\" data-element_type=\"column\" data-e-type=\"column\" data-settings=\"{&quot;background_background&quot;:&quot;classic&quot;}\">\n\t\t\t<div class=\"elementor-widget-wrap elementor-element-populated\">\n\t\t\t\t\t<div class=\"elementor-background-overlay\"><\/div>\n\t\t\t\t\t\t<div class=\"elementor-element elementor-element-6d10e14 elementor-widget elementor-widget-text-editor\" data-id=\"6d10e14\" data-element_type=\"widget\" data-e-type=\"widget\" data-widget_type=\"text-editor.default\">\n\t\t\t\t<div class=\"elementor-widget-container\">\n\t\t\t\t\t\t\t\t\t<p><a href=\"https:\/\/www.pepiniere-boisdelalau.fr\/index.php\/nos-plantes\/nos-plantes-vedettes\/le-savonnier\/\">Le savonnier<\/a> <span style=\"color: #000000;\">est un arbre qui est rose au printemps, vert en \u00e9t\u00e9 et flamboyant \u00e0 l&rsquo;automne. Sa floraison jaune d\u00e9but juin, vous ravirez de ses fleurs et c&rsquo;est fruits fait une lanterne rouge avec trois graines noires.<\/span><\/p>\t\t\t\t\t\t\t\t<\/div>\n\t\t\t\t<\/div>\n\t\t\t\t\t<\/div>\n\t\t<\/div>\n\t\t\t\t<div class=\"elementor-column elementor-col-50 elementor-inner-column elementor-element elementor-element-33d5f91\" data-id=\"33d5f91\" data-element_type=\"column\" data-e-type=\"column\">\n\t\t\t<div class=\"elementor-widget-wrap\">\n\t\t\t\t\t\t\t<\/div>\n\t\t<\/div>\n\t\t\t\t\t<\/div>\n\t\t<\/section>\n\t\t\t\t\t<\/div>\n\t\t<\/div>\n\t\t\t\t\t<\/div>\n\t\t<\/section>\n\t\t\t\t<\/div>\n\t\t","protected":false},"excerpt":{"rendered":"<p>Service mise en place pendant et apr\u00e8s le confinement*. Veuillez retrouver toute l&rsquo;actualit\u00e9 et service mis en place sur cette page. * Nous maintenons le service jusqu&rsquo;au 7 mai 2021. &hellip;<\/p>\n","protected":false},"author":1,"featured_media":0,"parent":205,"menu_order":0,"comment_status":"closed","ping_status":"closed","template":"template-builder.php","meta":{"inline_featured_image":false,"_themeisle_gutenberg_block_has_review":false,"footnotes":""},"class_list":["post-11811","page","type-page","status-publish","hentry"],"yoast_head":"<!-- This site is optimized with the Yoast SEO plugin v27.4 - https:\/\/yoast.com\/product\/yoast-seo-wordpress\/ -->\n<title>Nos plantes vedettes - P\u00e9pini\u00e8re du bois de Lalau<\/title>\n<meta name=\"robots\" content=\"index, follow, max-snippet:-1, max-image-preview:large, max-video-preview:-1\" \/>\n<link rel=\"canonical\" href=\"https:\/\/www.pepiniere-boisdelalau.fr\/index.php\/nos-plantes\/nos-plantes-vedettes\/\" \/>\n<meta name=\"twitter:label1\" content=\"Dur\u00e9e de lecture estim\u00e9e\" \/>\n\t<meta name=\"twitter:data1\" content=\"2 minutes\" \/>\n<script type=\"application\/ld+json\" class=\"yoast-schema-graph\">{\"@context\":\"https:\\\/\\\/schema.org\",\"@graph\":[{\"@type\":\"WebPage\",\"@id\":\"https:\\\/\\\/www.pepiniere-boisdelalau.fr\\\/index.php\\\/nos-plantes\\\/nos-plantes-vedettes\\\/\",\"url\":\"https:\\\/\\\/www.pepiniere-boisdelalau.fr\\\/index.php\\\/nos-plantes\\\/nos-plantes-vedettes\\\/\",\"name\":\"Nos plantes vedettes - P\u00e9pini\u00e8re du bois de Lalau\",\"isPartOf\":{\"@id\":\"https:\\\/\\\/www.pepiniere-boisdelalau.fr\\\/#website\"},\"datePublished\":\"2020-04-28T13:48:26+00:00\",\"dateModified\":\"2021-05-10T07:46:13+00:00\",\"breadcrumb\":{\"@id\":\"https:\\\/\\\/www.pepiniere-boisdelalau.fr\\\/index.php\\\/nos-plantes\\\/nos-plantes-vedettes\\\/#breadcrumb\"},\"inLanguage\":\"fr-FR\",\"potentialAction\":[{\"@type\":\"ReadAction\",\"target\":[\"https:\\\/\\\/www.pepiniere-boisdelalau.fr\\\/index.php\\\/nos-plantes\\\/nos-plantes-vedettes\\\/\"]}]},{\"@type\":\"BreadcrumbList\",\"@id\":\"https:\\\/\\\/www.pepiniere-boisdelalau.fr\\\/index.php\\\/nos-plantes\\\/nos-plantes-vedettes\\\/#breadcrumb\",\"itemListElement\":[{\"@type\":\"ListItem\",\"position\":1,\"name\":\"Accueil\",\"item\":\"https:\\\/\\\/www.pepiniere-boisdelalau.fr\\\/\"},{\"@type\":\"ListItem\",\"position\":2,\"name\":\"Nos plantes\",\"item\":\"https:\\\/\\\/www.pepiniere-boisdelalau.fr\\\/index.php\\\/nos-plantes\\\/\"},{\"@type\":\"ListItem\",\"position\":3,\"name\":\"Nos plantes vedettes\"}]},{\"@type\":\"WebSite\",\"@id\":\"https:\\\/\\\/www.pepiniere-boisdelalau.fr\\\/#website\",\"url\":\"https:\\\/\\\/www.pepiniere-boisdelalau.fr\\\/\",\"name\":\"P\u00e9pini\u00e8re le bois de Lalau\",\"description\":\"P\u00e9pini\u00e8riste paysan-producteur\",\"publisher\":{\"@id\":\"https:\\\/\\\/www.pepiniere-boisdelalau.fr\\\/#organization\"},\"potentialAction\":[{\"@type\":\"SearchAction\",\"target\":{\"@type\":\"EntryPoint\",\"urlTemplate\":\"https:\\\/\\\/www.pepiniere-boisdelalau.fr\\\/?s={search_term_string}\"},\"query-input\":{\"@type\":\"PropertyValueSpecification\",\"valueRequired\":true,\"valueName\":\"search_term_string\"}}],\"inLanguage\":\"fr-FR\"},{\"@type\":\"Organization\",\"@id\":\"https:\\\/\\\/www.pepiniere-boisdelalau.fr\\\/#organization\",\"name\":\"P\u00e9pini\u00e8re le bois de Lalau\",\"url\":\"https:\\\/\\\/www.pepiniere-boisdelalau.fr\\\/\",\"logo\":{\"@type\":\"ImageObject\",\"inLanguage\":\"fr-FR\",\"@id\":\"https:\\\/\\\/www.pepiniere-boisdelalau.fr\\\/#\\\/schema\\\/logo\\\/image\\\/\",\"url\":\"\",\"contentUrl\":\"\",\"caption\":\"P\u00e9pini\u00e8re le bois de Lalau\"},\"image\":{\"@id\":\"https:\\\/\\\/www.pepiniere-boisdelalau.fr\\\/#\\\/schema\\\/logo\\\/image\\\/\"},\"sameAs\":[\"https:\\\/\\\/www.facebook.com\\\/pepiniereboisdelalau\"]}]}<\/script>\n<!-- \/ Yoast SEO plugin. -->","yoast_head_json":{"title":"Nos plantes vedettes - P\u00e9pini\u00e8re du bois de Lalau","robots":{"index":"index","follow":"follow","max-snippet":"max-snippet:-1","max-image-preview":"max-image-preview:large","max-video-preview":"max-video-preview:-1"},"canonical":"https:\/\/www.pepiniere-boisdelalau.fr\/index.php\/nos-plantes\/nos-plantes-vedettes\/","twitter_misc":{"Dur\u00e9e de lecture estim\u00e9e":"2 minutes"},"schema":{"@context":"https:\/\/schema.org","@graph":[{"@type":"WebPage","@id":"https:\/\/www.pepiniere-boisdelalau.fr\/index.php\/nos-plantes\/nos-plantes-vedettes\/","url":"https:\/\/www.pepiniere-boisdelalau.fr\/index.php\/nos-plantes\/nos-plantes-vedettes\/","name":"Nos plantes vedettes - P\u00e9pini\u00e8re du bois de Lalau","isPartOf":{"@id":"https:\/\/www.pepiniere-boisdelalau.fr\/#website"},"datePublished":"2020-04-28T13:48:26+00:00","dateModified":"2021-05-10T07:46:13+00:00","breadcrumb":{"@id":"https:\/\/www.pepiniere-boisdelalau.fr\/index.php\/nos-plantes\/nos-plantes-vedettes\/#breadcrumb"},"inLanguage":"fr-FR","potentialAction":[{"@type":"ReadAction","target":["https:\/\/www.pepiniere-boisdelalau.fr\/index.php\/nos-plantes\/nos-plantes-vedettes\/"]}]},{"@type":"BreadcrumbList","@id":"https:\/\/www.pepiniere-boisdelalau.fr\/index.php\/nos-plantes\/nos-plantes-vedettes\/#breadcrumb","itemListElement":[{"@type":"ListItem","position":1,"name":"Accueil","item":"https:\/\/www.pepiniere-boisdelalau.fr\/"},{"@type":"ListItem","position":2,"name":"Nos plantes","item":"https:\/\/www.pepiniere-boisdelalau.fr\/index.php\/nos-plantes\/"},{"@type":"ListItem","position":3,"name":"Nos plantes vedettes"}]},{"@type":"WebSite","@id":"https:\/\/www.pepiniere-boisdelalau.fr\/#website","url":"https:\/\/www.pepiniere-boisdelalau.fr\/","name":"P\u00e9pini\u00e8re le bois de Lalau","description":"P\u00e9pini\u00e8riste paysan-producteur","publisher":{"@id":"https:\/\/www.pepiniere-boisdelalau.fr\/#organization"},"potentialAction":[{"@type":"SearchAction","target":{"@type":"EntryPoint","urlTemplate":"https:\/\/www.pepiniere-boisdelalau.fr\/?s={search_term_string}"},"query-input":{"@type":"PropertyValueSpecification","valueRequired":true,"valueName":"search_term_string"}}],"inLanguage":"fr-FR"},{"@type":"Organization","@id":"https:\/\/www.pepiniere-boisdelalau.fr\/#organization","name":"P\u00e9pini\u00e8re le bois de Lalau","url":"https:\/\/www.pepiniere-boisdelalau.fr\/","logo":{"@type":"ImageObject","inLanguage":"fr-FR","@id":"https:\/\/www.pepiniere-boisdelalau.fr\/#\/schema\/logo\/image\/","url":"","contentUrl":"","caption":"P\u00e9pini\u00e8re le bois de Lalau"},"image":{"@id":"https:\/\/www.pepiniere-boisdelalau.fr\/#\/schema\/logo\/image\/"},"sameAs":["https:\/\/www.facebook.com\/pepiniereboisdelalau"]}]}},"_links":{"self":[{"href":"https:\/\/www.pepiniere-boisdelalau.fr\/index.php\/wp-json\/wp\/v2\/pages\/11811","targetHints":{"allow":["GET"]}}],"collection":[{"href":"https:\/\/www.pepiniere-boisdelalau.fr\/index.php\/wp-json\/wp\/v2\/pages"}],"about":[{"href":"https:\/\/www.pepiniere-boisdelalau.fr\/index.php\/wp-json\/wp\/v2\/types\/page"}],"author":[{"embeddable":true,"href":"https:\/\/www.pepiniere-boisdelalau.fr\/index.php\/wp-json\/wp\/v2\/users\/1"}],"replies":[{"embeddable":true,"href":"https:\/\/www.pepiniere-boisdelalau.fr\/index.php\/wp-json\/wp\/v2\/comments?post=11811"}],"version-history":[{"count":0,"href":"https:\/\/www.pepiniere-boisdelalau.fr\/index.php\/wp-json\/wp\/v2\/pages\/11811\/revisions"}],"up":[{"embeddable":true,"href":"https:\/\/www.pepiniere-boisdelalau.fr\/index.php\/wp-json\/wp\/v2\/pages\/205"}],"wp:attachment":[{"href":"https:\/\/www.pepiniere-boisdelalau.fr\/index.php\/wp-json\/wp\/v2\/media?parent=11811"}],"curies":[{"name":"wp","href":"https:\/\/api.w.org\/{rel}","templated":true}]}}