{"id":177,"date":"2018-05-10T23:59:25","date_gmt":"2018-05-10T21:59:25","guid":{"rendered":"http:\/\/www.pepiniere-boisdelalau.fr\/?page_id=177"},"modified":"2021-09-20T00:28:40","modified_gmt":"2021-09-19T22:28:40","slug":"les-bonnes-adresses","status":"publish","type":"page","link":"https:\/\/www.pepiniere-boisdelalau.fr\/index.php\/les-bonnes-adresses\/","title":{"rendered":"Les bonnes adresses"},"content":{"rendered":"\t\t<div data-elementor-type=\"wp-post\" data-elementor-id=\"177\" class=\"elementor elementor-177\">\n\t\t\t\t\t\t<section class=\"elementor-section elementor-top-section elementor-element elementor-element-34763f8 elementor-section-boxed elementor-section-height-default elementor-section-height-default\" data-id=\"34763f8\" data-element_type=\"section\" data-e-type=\"section\">\n\t\t\t\t\t\t<div class=\"elementor-container elementor-column-gap-default\">\n\t\t\t\t\t<div class=\"elementor-column elementor-col-100 elementor-top-column elementor-element elementor-element-cc757e7\" data-id=\"cc757e7\" data-element_type=\"column\" data-e-type=\"column\">\n\t\t\t<div class=\"elementor-widget-wrap elementor-element-populated\">\n\t\t\t\t\t\t<section class=\"elementor-section elementor-inner-section elementor-element elementor-element-1c8abcd elementor-section-boxed elementor-section-height-default elementor-section-height-default\" data-id=\"1c8abcd\" data-element_type=\"section\" data-e-type=\"section\">\n\t\t\t\t\t\t<div class=\"elementor-container elementor-column-gap-default\">\n\t\t\t\t\t<div class=\"elementor-column elementor-col-50 elementor-inner-column elementor-element elementor-element-c5ae311\" data-id=\"c5ae311\" data-element_type=\"column\" data-e-type=\"column\">\n\t\t\t<div class=\"elementor-widget-wrap elementor-element-populated\">\n\t\t\t\t\t\t<div class=\"elementor-element elementor-element-ac49933 elementor-widget elementor-widget-text-editor\" data-id=\"ac49933\" data-element_type=\"widget\" data-e-type=\"widget\" data-widget_type=\"text-editor.default\">\n\t\t\t\t<div class=\"elementor-widget-container\">\n\t\t\t\t\t\t\t\t\t<div><figure style=\"width: 924px\" class=\"wp-caption aligncenter\"><a href=\"http:\/\/www.lapalmadelmas.com\/\" target=\"_blank\" rel=\"external noopener\"><img fetchpriority=\"high\" decoding=\"async\" title=\"La palmas del mas\" src=\"http:\/\/www.lapalmadelmas.com\/attachments\/Image\/Fotolia_60730152_M2_1.jpg\" alt=\"La palmas del Mas\" width=\"924\" height=\"266\" \/><\/a><figcaption class=\"wp-caption-text\">Butia yatay Parque nacional de El Palmar Argentina (cliquez sur l image)<\/figcaption><\/figure><\/div><p><span style=\"font-size: 18px; font-weight: bold;\"><a href=\"http:\/\/www.lapalmadelmas.com\/\" target=\"_blank\" rel=\"noopener external\">La Palmas del mas<\/a><\/span><\/p><div style=\"font-size: 18px; font-weight: bold;\">Naussens<\/div><div style=\"font-weight: bold;\">81150\u00a0CASTANET<\/div><div style=\"font-size: 18px; font-weight: bold;\">France<\/div><div style=\"font-size: 18px; font-weight: bold;\">\u00a0<\/div><p>T\u00e9l : <strong>06 72 77 21 09<\/strong><\/p>\t\t\t\t\t\t\t\t<\/div>\n\t\t\t\t<\/div>\n\t\t\t\t\t<\/div>\n\t\t<\/div>\n\t\t\t\t<div class=\"elementor-column elementor-col-50 elementor-inner-column elementor-element elementor-element-302e5f5\" data-id=\"302e5f5\" data-element_type=\"column\" data-e-type=\"column\">\n\t\t\t<div class=\"elementor-widget-wrap elementor-element-populated\">\n\t\t\t\t\t\t<div class=\"elementor-element elementor-element-ba2fea3 elementor-widget elementor-widget-text-editor\" data-id=\"ba2fea3\" data-element_type=\"widget\" data-e-type=\"widget\" data-widget_type=\"text-editor.default\">\n\t\t\t\t<div class=\"elementor-widget-container\">\n\t\t\t\t\t\t\t\t\t<div><figure style=\"width: 678px\" class=\"wp-caption alignleft\"><a href=\"http:\/\/www.bioplants81.fr\/\" rel=\"external noopener\"><img decoding=\"async\" title=\"bioplants 81\" src=\"http:\/\/www.bioplants81.fr\/wp-content\/uploads\/2019\/02\/Sans-titre-2.jpg\" alt=\"bioplants 81\" width=\"678\" height=\"160\" \/><\/a><figcaption class=\"wp-caption-text\">Bioplants 81 (cliquez sur l image)<\/figcaption><\/figure><\/div><p><span style=\"font-size: 18px; font-weight: bold;\"><a href=\"http:\/\/www.bioplants81.fr\/\" target=\"_blank\" rel=\"noopener external\">Bioplants 81<\/a><\/span><\/p><div style=\"font-size: 18px; font-weight: bold;\">Le boriet,<\/div><div style=\"font-size: 18px; font-weight: bold;\">81630 la Sauzi\u00e8re Saint-Jean.<\/div><div style=\"font-size: 18px; font-weight: bold;\">France<\/div><div>\u00a0<\/div><p>T\u00e9l : <strong>05 63 34 85 14<\/strong><\/p>\t\t\t\t\t\t\t\t<\/div>\n\t\t\t\t<\/div>\n\t\t\t\t\t<\/div>\n\t\t<\/div>\n\t\t\t\t\t<\/div>\n\t\t<\/section>\n\t\t\t\t\t<\/div>\n\t\t<\/div>\n\t\t\t\t\t<\/div>\n\t\t<\/section>\n\t\t\t\t<\/div>\n\t\t","protected":false},"excerpt":{"rendered":"<p>La Palmas del mas Naussens81150\u00a0CASTANETFrance\u00a0 T\u00e9l : 06 72 77 21 09 Bioplants 81 Le boriet,81630 la Sauzi\u00e8re Saint-Jean.France\u00a0 T\u00e9l : 05 63 34 85 14<\/p>\n","protected":false},"author":1,"featured_media":0,"parent":0,"menu_order":0,"comment_status":"closed","ping_status":"closed","template":"","meta":{"inline_featured_image":false,"_themeisle_gutenberg_block_has_review":false,"footnotes":""},"class_list":["post-177","page","type-page","status-publish","hentry"],"yoast_head":"<!-- This site is optimized with the Yoast SEO plugin v27.5 - https:\/\/yoast.com\/product\/yoast-seo-wordpress\/ -->\n<title>Les bonnes adresses - P\u00e9pini\u00e8re du bois de Lalau<\/title>\n<meta name=\"robots\" content=\"index, follow, max-snippet:-1, max-image-preview:large, max-video-preview:-1\" \/>\n<link rel=\"canonical\" href=\"https:\/\/www.pepiniere-boisdelalau.fr\/index.php\/les-bonnes-adresses\/\" \/>\n<meta name=\"twitter:label1\" content=\"Dur\u00e9e de lecture estim\u00e9e\" \/>\n\t<meta name=\"twitter:data1\" content=\"1 minute\" \/>\n<script type=\"application\/ld+json\" class=\"yoast-schema-graph\">{\"@context\":\"https:\\\/\\\/schema.org\",\"@graph\":[{\"@type\":\"WebPage\",\"@id\":\"https:\\\/\\\/www.pepiniere-boisdelalau.fr\\\/index.php\\\/les-bonnes-adresses\\\/\",\"url\":\"https:\\\/\\\/www.pepiniere-boisdelalau.fr\\\/index.php\\\/les-bonnes-adresses\\\/\",\"name\":\"Les bonnes adresses - P\u00e9pini\u00e8re du bois de Lalau\",\"isPartOf\":{\"@id\":\"https:\\\/\\\/www.pepiniere-boisdelalau.fr\\\/#website\"},\"primaryImageOfPage\":{\"@id\":\"https:\\\/\\\/www.pepiniere-boisdelalau.fr\\\/index.php\\\/les-bonnes-adresses\\\/#primaryimage\"},\"image\":{\"@id\":\"https:\\\/\\\/www.pepiniere-boisdelalau.fr\\\/index.php\\\/les-bonnes-adresses\\\/#primaryimage\"},\"thumbnailUrl\":\"http:\\\/\\\/www.lapalmadelmas.com\\\/attachments\\\/Image\\\/Fotolia_60730152_M2_1.jpg\",\"datePublished\":\"2018-05-10T21:59:25+00:00\",\"dateModified\":\"2021-09-19T22:28:40+00:00\",\"breadcrumb\":{\"@id\":\"https:\\\/\\\/www.pepiniere-boisdelalau.fr\\\/index.php\\\/les-bonnes-adresses\\\/#breadcrumb\"},\"inLanguage\":\"fr-FR\",\"potentialAction\":[{\"@type\":\"ReadAction\",\"target\":[\"https:\\\/\\\/www.pepiniere-boisdelalau.fr\\\/index.php\\\/les-bonnes-adresses\\\/\"]}]},{\"@type\":\"ImageObject\",\"inLanguage\":\"fr-FR\",\"@id\":\"https:\\\/\\\/www.pepiniere-boisdelalau.fr\\\/index.php\\\/les-bonnes-adresses\\\/#primaryimage\",\"url\":\"http:\\\/\\\/www.lapalmadelmas.com\\\/attachments\\\/Image\\\/Fotolia_60730152_M2_1.jpg\",\"contentUrl\":\"http:\\\/\\\/www.lapalmadelmas.com\\\/attachments\\\/Image\\\/Fotolia_60730152_M2_1.jpg\"},{\"@type\":\"BreadcrumbList\",\"@id\":\"https:\\\/\\\/www.pepiniere-boisdelalau.fr\\\/index.php\\\/les-bonnes-adresses\\\/#breadcrumb\",\"itemListElement\":[{\"@type\":\"ListItem\",\"position\":1,\"name\":\"Accueil\",\"item\":\"https:\\\/\\\/www.pepiniere-boisdelalau.fr\\\/\"},{\"@type\":\"ListItem\",\"position\":2,\"name\":\"Les bonnes adresses\"}]},{\"@type\":\"WebSite\",\"@id\":\"https:\\\/\\\/www.pepiniere-boisdelalau.fr\\\/#website\",\"url\":\"https:\\\/\\\/www.pepiniere-boisdelalau.fr\\\/\",\"name\":\"P\u00e9pini\u00e8re le bois de Lalau\",\"description\":\"P\u00e9pini\u00e8riste paysan-producteur\",\"publisher\":{\"@id\":\"https:\\\/\\\/www.pepiniere-boisdelalau.fr\\\/#organization\"},\"potentialAction\":[{\"@type\":\"SearchAction\",\"target\":{\"@type\":\"EntryPoint\",\"urlTemplate\":\"https:\\\/\\\/www.pepiniere-boisdelalau.fr\\\/?s={search_term_string}\"},\"query-input\":{\"@type\":\"PropertyValueSpecification\",\"valueRequired\":true,\"valueName\":\"search_term_string\"}}],\"inLanguage\":\"fr-FR\"},{\"@type\":\"Organization\",\"@id\":\"https:\\\/\\\/www.pepiniere-boisdelalau.fr\\\/#organization\",\"name\":\"P\u00e9pini\u00e8re le bois de Lalau\",\"url\":\"https:\\\/\\\/www.pepiniere-boisdelalau.fr\\\/\",\"logo\":{\"@type\":\"ImageObject\",\"inLanguage\":\"fr-FR\",\"@id\":\"https:\\\/\\\/www.pepiniere-boisdelalau.fr\\\/#\\\/schema\\\/logo\\\/image\\\/\",\"url\":\"\",\"contentUrl\":\"\",\"caption\":\"P\u00e9pini\u00e8re le bois de Lalau\"},\"image\":{\"@id\":\"https:\\\/\\\/www.pepiniere-boisdelalau.fr\\\/#\\\/schema\\\/logo\\\/image\\\/\"},\"sameAs\":[\"https:\\\/\\\/www.facebook.com\\\/pepiniereboisdelalau\"]}]}<\/script>\n<!-- \/ Yoast SEO plugin. -->","yoast_head_json":{"title":"Les bonnes adresses - P\u00e9pini\u00e8re du bois de Lalau","robots":{"index":"index","follow":"follow","max-snippet":"max-snippet:-1","max-image-preview":"max-image-preview:large","max-video-preview":"max-video-preview:-1"},"canonical":"https:\/\/www.pepiniere-boisdelalau.fr\/index.php\/les-bonnes-adresses\/","twitter_misc":{"Dur\u00e9e de lecture estim\u00e9e":"1 minute"},"schema":{"@context":"https:\/\/schema.org","@graph":[{"@type":"WebPage","@id":"https:\/\/www.pepiniere-boisdelalau.fr\/index.php\/les-bonnes-adresses\/","url":"https:\/\/www.pepiniere-boisdelalau.fr\/index.php\/les-bonnes-adresses\/","name":"Les bonnes adresses - P\u00e9pini\u00e8re du bois de Lalau","isPartOf":{"@id":"https:\/\/www.pepiniere-boisdelalau.fr\/#website"},"primaryImageOfPage":{"@id":"https:\/\/www.pepiniere-boisdelalau.fr\/index.php\/les-bonnes-adresses\/#primaryimage"},"image":{"@id":"https:\/\/www.pepiniere-boisdelalau.fr\/index.php\/les-bonnes-adresses\/#primaryimage"},"thumbnailUrl":"http:\/\/www.lapalmadelmas.com\/attachments\/Image\/Fotolia_60730152_M2_1.jpg","datePublished":"2018-05-10T21:59:25+00:00","dateModified":"2021-09-19T22:28:40+00:00","breadcrumb":{"@id":"https:\/\/www.pepiniere-boisdelalau.fr\/index.php\/les-bonnes-adresses\/#breadcrumb"},"inLanguage":"fr-FR","potentialAction":[{"@type":"ReadAction","target":["https:\/\/www.pepiniere-boisdelalau.fr\/index.php\/les-bonnes-adresses\/"]}]},{"@type":"ImageObject","inLanguage":"fr-FR","@id":"https:\/\/www.pepiniere-boisdelalau.fr\/index.php\/les-bonnes-adresses\/#primaryimage","url":"http:\/\/www.lapalmadelmas.com\/attachments\/Image\/Fotolia_60730152_M2_1.jpg","contentUrl":"http:\/\/www.lapalmadelmas.com\/attachments\/Image\/Fotolia_60730152_M2_1.jpg"},{"@type":"BreadcrumbList","@id":"https:\/\/www.pepiniere-boisdelalau.fr\/index.php\/les-bonnes-adresses\/#breadcrumb","itemListElement":[{"@type":"ListItem","position":1,"name":"Accueil","item":"https:\/\/www.pepiniere-boisdelalau.fr\/"},{"@type":"ListItem","position":2,"name":"Les bonnes adresses"}]},{"@type":"WebSite","@id":"https:\/\/www.pepiniere-boisdelalau.fr\/#website","url":"https:\/\/www.pepiniere-boisdelalau.fr\/","name":"P\u00e9pini\u00e8re le bois de Lalau","description":"P\u00e9pini\u00e8riste paysan-producteur","publisher":{"@id":"https:\/\/www.pepiniere-boisdelalau.fr\/#organization"},"potentialAction":[{"@type":"SearchAction","target":{"@type":"EntryPoint","urlTemplate":"https:\/\/www.pepiniere-boisdelalau.fr\/?s={search_term_string}"},"query-input":{"@type":"PropertyValueSpecification","valueRequired":true,"valueName":"search_term_string"}}],"inLanguage":"fr-FR"},{"@type":"Organization","@id":"https:\/\/www.pepiniere-boisdelalau.fr\/#organization","name":"P\u00e9pini\u00e8re le bois de Lalau","url":"https:\/\/www.pepiniere-boisdelalau.fr\/","logo":{"@type":"ImageObject","inLanguage":"fr-FR","@id":"https:\/\/www.pepiniere-boisdelalau.fr\/#\/schema\/logo\/image\/","url":"","contentUrl":"","caption":"P\u00e9pini\u00e8re le bois de Lalau"},"image":{"@id":"https:\/\/www.pepiniere-boisdelalau.fr\/#\/schema\/logo\/image\/"},"sameAs":["https:\/\/www.facebook.com\/pepiniereboisdelalau"]}]}},"_links":{"self":[{"href":"https:\/\/www.pepiniere-boisdelalau.fr\/index.php\/wp-json\/wp\/v2\/pages\/177","targetHints":{"allow":["GET"]}}],"collection":[{"href":"https:\/\/www.pepiniere-boisdelalau.fr\/index.php\/wp-json\/wp\/v2\/pages"}],"about":[{"href":"https:\/\/www.pepiniere-boisdelalau.fr\/index.php\/wp-json\/wp\/v2\/types\/page"}],"author":[{"embeddable":true,"href":"https:\/\/www.pepiniere-boisdelalau.fr\/index.php\/wp-json\/wp\/v2\/users\/1"}],"replies":[{"embeddable":true,"href":"https:\/\/www.pepiniere-boisdelalau.fr\/index.php\/wp-json\/wp\/v2\/comments?post=177"}],"version-history":[{"count":0,"href":"https:\/\/www.pepiniere-boisdelalau.fr\/index.php\/wp-json\/wp\/v2\/pages\/177\/revisions"}],"wp:attachment":[{"href":"https:\/\/www.pepiniere-boisdelalau.fr\/index.php\/wp-json\/wp\/v2\/media?parent=177"}],"curies":[{"name":"wp","href":"https:\/\/api.w.org\/{rel}","templated":true}]}}