{"id":20252,"date":"2020-05-14T18:16:22","date_gmt":"2020-05-14T16:16:22","guid":{"rendered":"https:\/\/www.pepiniere-boisdelalau.fr\/?page_id=20252"},"modified":"2023-05-18T19:48:52","modified_gmt":"2023-05-18T17:48:52","slug":"notre-histoire","status":"publish","type":"page","link":"https:\/\/www.pepiniere-boisdelalau.fr\/index.php\/notre-histoire\/","title":{"rendered":"Notre Histoire"},"content":{"rendered":"\t\t<div data-elementor-type=\"wp-page\" data-elementor-id=\"20252\" class=\"elementor elementor-20252\">\n\t\t\t\t\t\t<section class=\"elementor-section elementor-top-section elementor-element elementor-element-cc4ca4c elementor-section-boxed elementor-section-height-default elementor-section-height-default\" data-id=\"cc4ca4c\" data-element_type=\"section\" data-e-type=\"section\">\n\t\t\t\t\t\t<div class=\"elementor-container elementor-column-gap-default\">\n\t\t\t\t\t<div class=\"elementor-column elementor-col-100 elementor-top-column elementor-element elementor-element-08583f4\" data-id=\"08583f4\" data-element_type=\"column\" data-e-type=\"column\">\n\t\t\t<div class=\"elementor-widget-wrap elementor-element-populated\">\n\t\t\t\t\t\t<div class=\"elementor-element elementor-element-e424280 elementor-widget elementor-widget-text-editor\" data-id=\"e424280\" data-element_type=\"widget\" data-e-type=\"widget\" data-widget_type=\"text-editor.default\">\n\t\t\t\t<div class=\"elementor-widget-container\">\n\t\t\t\t\t\t\t\t\t<p>La cr\u00e9ation de la p\u00e9pini\u00e8re en 1980, \u00e0 Saint-Sulpice-la-Pointe (81), <\/p>\t\t\t\t\t\t\t\t<\/div>\n\t\t\t\t<\/div>\n\t\t\t\t\t<\/div>\n\t\t<\/div>\n\t\t\t\t\t<\/div>\n\t\t<\/section>\n\t\t\t\t<section class=\"elementor-section elementor-top-section elementor-element elementor-element-1ea3205 elementor-section-boxed elementor-section-height-default elementor-section-height-default\" data-id=\"1ea3205\" data-element_type=\"section\" data-e-type=\"section\">\n\t\t\t\t\t\t<div class=\"elementor-container elementor-column-gap-default\">\n\t\t\t\t\t<div class=\"elementor-column elementor-col-100 elementor-top-column elementor-element elementor-element-3bfccc1\" data-id=\"3bfccc1\" data-element_type=\"column\" data-e-type=\"column\">\n\t\t\t<div class=\"elementor-widget-wrap elementor-element-populated\">\n\t\t\t\t\t\t<div class=\"elementor-element elementor-element-08bf0df elementor-widget elementor-widget-text-editor\" data-id=\"08bf0df\" data-element_type=\"widget\" data-e-type=\"widget\" data-widget_type=\"text-editor.default\">\n\t\t\t\t<div class=\"elementor-widget-container\">\n\t\t\t\t\t\t\t\t\t<p>D\u00e9m\u00e9nagement de l&rsquo;exploitation \u00e0 Salvagnac (Tarn), dans l&rsquo;ouest du Tarn, en 2004. Pour ce recentre vers la nature, implant\u00e9 dans un site exceptionnel de la \u00ab\u00a0petite Toscane\u00a0\u00bb fran\u00e7aise. La p\u00e9pini\u00e8re du Bois de Lalau s&rsquo;est donn\u00e9e pour but de d\u00e9couvrir et faire d\u00e9couvrir des plantes, (vivaces et arbustes) oubli\u00e9es ou consid\u00e9r\u00e9es comme \u00ab\u00a0exotiques\u00a0\u00bb bien qu&rsquo;elle s&rsquo;acclimatent parfaitement \u00e0 notre r\u00e9gion.<\/p><p>P\u00e9pini\u00e9riste Paysan-producteur Mannechez produit \u00e0 partir de ses pieds-m\u00e8res via bouture et semis de plantes, arbustes ou arbres de vari\u00e9t\u00e9 ancienne adapt\u00e9 \u00e0 la r\u00e9gion. Toutes naissent et grandissent sur place, \u00e0 l&rsquo;ext\u00e9rieur ou en serre froide. Toutes ou presque r\u00e9sistent au del\u00e0 de -15\u00b0C. Aucune n&rsquo;est \u00ab\u00a0forc\u00e9e\u00a0\u00bb.<\/p><p>Dans le respect des traditions, le d\u00e9sherbage est manuel, et l &lsquo;engrais est \u00ab\u00a0bio\u00a0\u00bb uniquement. Cultiv\u00e9 avec amour et passion dans notre beau terroir.<\/p><p><\/p><\/div><\/div><\/div><\/div><\/div><\/section><\/div> <a href=\"https:\/\/www.pepiniere-boisdelalau.fr\/index.php\/notre-histoire\/#more-20252\" class=\"more-link elementor-more-link\"><span aria-label=\"Poursuivre la lecture Notre Histoire\">(plus\u2026)<\/span><\/a>","protected":false},"excerpt":{"rendered":"<p>La cr\u00e9ation de la p\u00e9pini\u00e8re en 1980, \u00e0 Saint-Sulpice-la-Pointe (81), D\u00e9m\u00e9nagement de l&rsquo;exploitation \u00e0 Salvagnac (Tarn), dans l&rsquo;ouest du Tarn, en 2004. Pour ce recentre vers la nature, implant\u00e9 dans &hellip;<\/p>\n","protected":false},"author":1,"featured_media":0,"parent":0,"menu_order":0,"comment_status":"closed","ping_status":"closed","template":"template-builder.php","meta":{"inline_featured_image":false,"_themeisle_gutenberg_block_has_review":false,"footnotes":""},"class_list":["post-20252","page","type-page","status-publish","hentry"],"yoast_head":"<!-- This site is optimized with the Yoast SEO plugin v27.6 - https:\/\/yoast.com\/product\/yoast-seo-wordpress\/ -->\n<title>Notre Histoire - P\u00e9pini\u00e8re du bois de Lalau<\/title>\n<meta name=\"robots\" content=\"index, follow, max-snippet:-1, max-image-preview:large, max-video-preview:-1\" \/>\n<link rel=\"canonical\" href=\"https:\/\/www.pepiniere-boisdelalau.fr\/index.php\/notre-histoire\/\" \/>\n<meta name=\"twitter:label1\" content=\"Dur\u00e9e de lecture estim\u00e9e\" \/>\n\t<meta name=\"twitter:data1\" content=\"1 minute\" \/>\n<script type=\"application\/ld+json\" class=\"yoast-schema-graph\">{\"@context\":\"https:\\\/\\\/schema.org\",\"@graph\":[{\"@type\":\"WebPage\",\"@id\":\"https:\\\/\\\/www.pepiniere-boisdelalau.fr\\\/index.php\\\/notre-histoire\\\/\",\"url\":\"https:\\\/\\\/www.pepiniere-boisdelalau.fr\\\/index.php\\\/notre-histoire\\\/\",\"name\":\"Notre Histoire - P\u00e9pini\u00e8re du bois de Lalau\",\"isPartOf\":{\"@id\":\"https:\\\/\\\/www.pepiniere-boisdelalau.fr\\\/#website\"},\"datePublished\":\"2020-05-14T16:16:22+00:00\",\"dateModified\":\"2023-05-18T17:48:52+00:00\",\"breadcrumb\":{\"@id\":\"https:\\\/\\\/www.pepiniere-boisdelalau.fr\\\/index.php\\\/notre-histoire\\\/#breadcrumb\"},\"inLanguage\":\"fr-FR\",\"potentialAction\":[{\"@type\":\"ReadAction\",\"target\":[\"https:\\\/\\\/www.pepiniere-boisdelalau.fr\\\/index.php\\\/notre-histoire\\\/\"]}]},{\"@type\":\"BreadcrumbList\",\"@id\":\"https:\\\/\\\/www.pepiniere-boisdelalau.fr\\\/index.php\\\/notre-histoire\\\/#breadcrumb\",\"itemListElement\":[{\"@type\":\"ListItem\",\"position\":1,\"name\":\"Accueil\",\"item\":\"https:\\\/\\\/www.pepiniere-boisdelalau.fr\\\/\"},{\"@type\":\"ListItem\",\"position\":2,\"name\":\"Notre Histoire\"}]},{\"@type\":\"WebSite\",\"@id\":\"https:\\\/\\\/www.pepiniere-boisdelalau.fr\\\/#website\",\"url\":\"https:\\\/\\\/www.pepiniere-boisdelalau.fr\\\/\",\"name\":\"P\u00e9pini\u00e8re le bois de Lalau\",\"description\":\"P\u00e9pini\u00e8riste paysan-producteur\",\"publisher\":{\"@id\":\"https:\\\/\\\/www.pepiniere-boisdelalau.fr\\\/#organization\"},\"potentialAction\":[{\"@type\":\"SearchAction\",\"target\":{\"@type\":\"EntryPoint\",\"urlTemplate\":\"https:\\\/\\\/www.pepiniere-boisdelalau.fr\\\/?s={search_term_string}\"},\"query-input\":{\"@type\":\"PropertyValueSpecification\",\"valueRequired\":true,\"valueName\":\"search_term_string\"}}],\"inLanguage\":\"fr-FR\"},{\"@type\":\"Organization\",\"@id\":\"https:\\\/\\\/www.pepiniere-boisdelalau.fr\\\/#organization\",\"name\":\"P\u00e9pini\u00e8re le bois de Lalau\",\"url\":\"https:\\\/\\\/www.pepiniere-boisdelalau.fr\\\/\",\"logo\":{\"@type\":\"ImageObject\",\"inLanguage\":\"fr-FR\",\"@id\":\"https:\\\/\\\/www.pepiniere-boisdelalau.fr\\\/#\\\/schema\\\/logo\\\/image\\\/\",\"url\":\"\",\"contentUrl\":\"\",\"caption\":\"P\u00e9pini\u00e8re le bois de Lalau\"},\"image\":{\"@id\":\"https:\\\/\\\/www.pepiniere-boisdelalau.fr\\\/#\\\/schema\\\/logo\\\/image\\\/\"},\"sameAs\":[\"https:\\\/\\\/www.facebook.com\\\/pepiniereboisdelalau\"]}]}<\/script>\n<!-- \/ Yoast SEO plugin. -->","yoast_head_json":{"title":"Notre Histoire - P\u00e9pini\u00e8re du bois de Lalau","robots":{"index":"index","follow":"follow","max-snippet":"max-snippet:-1","max-image-preview":"max-image-preview:large","max-video-preview":"max-video-preview:-1"},"canonical":"https:\/\/www.pepiniere-boisdelalau.fr\/index.php\/notre-histoire\/","twitter_misc":{"Dur\u00e9e de lecture estim\u00e9e":"1 minute"},"schema":{"@context":"https:\/\/schema.org","@graph":[{"@type":"WebPage","@id":"https:\/\/www.pepiniere-boisdelalau.fr\/index.php\/notre-histoire\/","url":"https:\/\/www.pepiniere-boisdelalau.fr\/index.php\/notre-histoire\/","name":"Notre Histoire - P\u00e9pini\u00e8re du bois de Lalau","isPartOf":{"@id":"https:\/\/www.pepiniere-boisdelalau.fr\/#website"},"datePublished":"2020-05-14T16:16:22+00:00","dateModified":"2023-05-18T17:48:52+00:00","breadcrumb":{"@id":"https:\/\/www.pepiniere-boisdelalau.fr\/index.php\/notre-histoire\/#breadcrumb"},"inLanguage":"fr-FR","potentialAction":[{"@type":"ReadAction","target":["https:\/\/www.pepiniere-boisdelalau.fr\/index.php\/notre-histoire\/"]}]},{"@type":"BreadcrumbList","@id":"https:\/\/www.pepiniere-boisdelalau.fr\/index.php\/notre-histoire\/#breadcrumb","itemListElement":[{"@type":"ListItem","position":1,"name":"Accueil","item":"https:\/\/www.pepiniere-boisdelalau.fr\/"},{"@type":"ListItem","position":2,"name":"Notre Histoire"}]},{"@type":"WebSite","@id":"https:\/\/www.pepiniere-boisdelalau.fr\/#website","url":"https:\/\/www.pepiniere-boisdelalau.fr\/","name":"P\u00e9pini\u00e8re le bois de Lalau","description":"P\u00e9pini\u00e8riste paysan-producteur","publisher":{"@id":"https:\/\/www.pepiniere-boisdelalau.fr\/#organization"},"potentialAction":[{"@type":"SearchAction","target":{"@type":"EntryPoint","urlTemplate":"https:\/\/www.pepiniere-boisdelalau.fr\/?s={search_term_string}"},"query-input":{"@type":"PropertyValueSpecification","valueRequired":true,"valueName":"search_term_string"}}],"inLanguage":"fr-FR"},{"@type":"Organization","@id":"https:\/\/www.pepiniere-boisdelalau.fr\/#organization","name":"P\u00e9pini\u00e8re le bois de Lalau","url":"https:\/\/www.pepiniere-boisdelalau.fr\/","logo":{"@type":"ImageObject","inLanguage":"fr-FR","@id":"https:\/\/www.pepiniere-boisdelalau.fr\/#\/schema\/logo\/image\/","url":"","contentUrl":"","caption":"P\u00e9pini\u00e8re le bois de Lalau"},"image":{"@id":"https:\/\/www.pepiniere-boisdelalau.fr\/#\/schema\/logo\/image\/"},"sameAs":["https:\/\/www.facebook.com\/pepiniereboisdelalau"]}]}},"_links":{"self":[{"href":"https:\/\/www.pepiniere-boisdelalau.fr\/index.php\/wp-json\/wp\/v2\/pages\/20252","targetHints":{"allow":["GET"]}}],"collection":[{"href":"https:\/\/www.pepiniere-boisdelalau.fr\/index.php\/wp-json\/wp\/v2\/pages"}],"about":[{"href":"https:\/\/www.pepiniere-boisdelalau.fr\/index.php\/wp-json\/wp\/v2\/types\/page"}],"author":[{"embeddable":true,"href":"https:\/\/www.pepiniere-boisdelalau.fr\/index.php\/wp-json\/wp\/v2\/users\/1"}],"replies":[{"embeddable":true,"href":"https:\/\/www.pepiniere-boisdelalau.fr\/index.php\/wp-json\/wp\/v2\/comments?post=20252"}],"version-history":[{"count":0,"href":"https:\/\/www.pepiniere-boisdelalau.fr\/index.php\/wp-json\/wp\/v2\/pages\/20252\/revisions"}],"wp:attachment":[{"href":"https:\/\/www.pepiniere-boisdelalau.fr\/index.php\/wp-json\/wp\/v2\/media?parent=20252"}],"curies":[{"name":"wp","href":"https:\/\/api.w.org\/{rel}","templated":true}]}}