{"id":205,"date":"2018-05-11T01:41:37","date_gmt":"2018-05-10T23:41:37","guid":{"rendered":"http:\/\/www.pepiniere-boisdelalau.fr\/?page_id=205"},"modified":"2024-03-22T17:40:51","modified_gmt":"2024-03-22T16:40:51","slug":"nos-plantes","status":"publish","type":"page","link":"https:\/\/www.pepiniere-boisdelalau.fr\/index.php\/nos-plantes\/","title":{"rendered":"Nos plantes"},"content":{"rendered":"\t\t<div data-elementor-type=\"wp-post\" data-elementor-id=\"205\" class=\"elementor elementor-205\">\n\t\t\t\t\t\t<section class=\"elementor-section elementor-top-section elementor-element elementor-element-e8ab8df elementor-section-boxed elementor-section-height-default elementor-section-height-default\" data-id=\"e8ab8df\" data-element_type=\"section\" data-e-type=\"section\">\n\t\t\t\t\t\t<div class=\"elementor-container elementor-column-gap-default\">\n\t\t\t\t\t<div class=\"elementor-column elementor-col-100 elementor-top-column elementor-element elementor-element-8edfb6f\" data-id=\"8edfb6f\" data-element_type=\"column\" data-e-type=\"column\">\n\t\t\t<div class=\"elementor-widget-wrap elementor-element-populated\">\n\t\t\t\t\t\t<div class=\"elementor-element elementor-element-4e5b694 elementor-alert-warning elementor-hidden-desktop elementor-hidden-tablet elementor-hidden-phone elementor-widget elementor-widget-alert\" data-id=\"4e5b694\" data-element_type=\"widget\" data-e-type=\"widget\" data-widget_type=\"alert.default\">\n\t\t\t\t<div class=\"elementor-widget-container\">\n\t\t\t\t\t\t\t<div class=\"elementor-alert\" role=\"alert\">\n\n\t\t\t\t\t\t<span class=\"elementor-alert-title\"><i aria-hidden=\"true\" style=\"color:#F3D617\" class=\"fas fa-info-circle\"><\/i> Service mise en place pendant et apr\u00e8s le confinement*.<\/span>\n\t\t\t\n\t\t\t\t\t\t<span class=\"elementor-alert-description\"><p>\nVeuillez retrouver toute l'actualit\u00e9 et service mis en place sur <a href=\"https:\/\/www.pepiniere-boisdelalau.fr\/index.php\/covid-19\/\"> cette page<\/a>. \n<\/p>\n<p>\n*  <font size=\"0.4 pt\">Nous maintenons le service jusqu'au 7 mai 2021.<\/font> \n<\/p>\n<div class=\"elementor-element elementor-element-23c101f elementor-button-warning elementor-widget elementor-widget-button\" data-id=\"23c101f\" data-element_type=\"widget\" data-widget_type=\"button.default\">\n<div class=\"elementor-widget-container\">\n<div class=\"elementor-button-wrapper\">\n<a href=\"https:\/\/www.pepiniere-boisdelalau.fr\/index.php\/covid-19\/\" rel=\"nofollow\" class=\"elementor-button-link elementor-button elementor-size-md\" role=\"button\">\n<span class=\"elementor-button-content-wrapper\">\n<span class=\"elementor-button-icon elementor-align-icon-left\">\n<\/span>\n<span class=\"elementor-button-text\">Service propos\u00e9<\/span>\n<\/span>\n<\/a>\n<\/div>\n<\/div>\n<\/div><\/span>\n\t\t\t\n\t\t\t\t\t\t<button type=\"button\" class=\"elementor-alert-dismiss\" aria-label=\"Ignorer cette alerte.\">\n\t\t\t\t\t\t\t\t\t<span aria-hidden=\"true\">&times;<\/span>\n\t\t\t\t\t\t\t<\/button>\n\t\t\t\n\t\t<\/div>\n\t\t\t\t\t\t<\/div>\n\t\t\t\t<\/div>\n\t\t\t\t<div class=\"elementor-element elementor-element-ca39145 elementor-widget elementor-widget-text-editor\" data-id=\"ca39145\" data-element_type=\"widget\" data-e-type=\"widget\" data-widget_type=\"text-editor.default\">\n\t\t\t\t<div class=\"elementor-widget-container\">\n\t\t\t\t\t\t\t\t\t<p style=\"text-align: center;\"><span style=\"text-decoration: underline;\"><a style=\"text-decoration: underline;\" href=\"https:\/\/www.pepiniere-boisdelalau.fr\/index.php\/nos-plantes\/nos-plantes-vedettes\/\">Nos plantes vedettes : Nous les avons s\u00e9lectionn\u00e9es pour leurs rusticit\u00e9s, originalit\u00e9s ou\/et notre pr\u00e9f\u00e9rence.<\/a><\/span><\/p>\t\t\t\t\t\t\t\t<\/div>\n\t\t\t\t<\/div>\n\t\t\t\t<section class=\"elementor-section elementor-inner-section elementor-element elementor-element-8e6effc elementor-section-boxed elementor-section-height-default elementor-section-height-default\" data-id=\"8e6effc\" data-element_type=\"section\" data-e-type=\"section\">\n\t\t\t\t\t\t<div class=\"elementor-container elementor-column-gap-default\">\n\t\t\t\t\t<div class=\"elementor-column elementor-col-50 elementor-inner-column elementor-element elementor-element-39e576f\" data-id=\"39e576f\" data-element_type=\"column\" data-e-type=\"column\">\n\t\t\t<div class=\"elementor-widget-wrap elementor-element-populated\">\n\t\t\t\t\t\t<div class=\"elementor-element elementor-element-220baa0 elementor-widget elementor-widget-text-editor\" data-id=\"220baa0\" data-element_type=\"widget\" data-e-type=\"widget\" data-widget_type=\"text-editor.default\">\n\t\t\t\t<div class=\"elementor-widget-container\">\n\t\t\t\t\t\t\t\t\t<p style=\"text-align: center;\"><a href=\"https:\/\/www.pepiniere-boisdelalau.fr\/index.php\/nos-plantes\/arbres\/\">D\u00e9couvrez nos arbres<\/a><\/p>\t\t\t\t\t\t\t\t<\/div>\n\t\t\t\t<\/div>\n\t\t\t\t\t<\/div>\n\t\t<\/div>\n\t\t\t\t<div class=\"elementor-column elementor-col-50 elementor-inner-column elementor-element elementor-element-b5cde8b\" data-id=\"b5cde8b\" data-element_type=\"column\" data-e-type=\"column\">\n\t\t\t<div class=\"elementor-widget-wrap elementor-element-populated\">\n\t\t\t\t\t\t<div class=\"elementor-element elementor-element-e536d2e elementor-widget elementor-widget-text-editor\" data-id=\"e536d2e\" data-element_type=\"widget\" data-e-type=\"widget\" data-widget_type=\"text-editor.default\">\n\t\t\t\t<div class=\"elementor-widget-container\">\n\t\t\t\t\t\t\t\t\t<p style=\"text-align: center;\"><a href=\"https:\/\/www.pepiniere-boisdelalau.fr\/index.php\/nos-plantes\/arbuste\/\">D\u00e9couvrez nos arbustes<\/a><\/p>\t\t\t\t\t\t\t\t<\/div>\n\t\t\t\t<\/div>\n\t\t\t\t\t<\/div>\n\t\t<\/div>\n\t\t\t\t\t<\/div>\n\t\t<\/section>\n\t\t\t\t<section class=\"elementor-section elementor-inner-section elementor-element elementor-element-5cd3a2a elementor-section-boxed elementor-section-height-default elementor-section-height-default\" data-id=\"5cd3a2a\" data-element_type=\"section\" data-e-type=\"section\">\n\t\t\t\t\t\t<div class=\"elementor-container elementor-column-gap-default\">\n\t\t\t\t\t<div class=\"elementor-column elementor-col-50 elementor-inner-column elementor-element elementor-element-fd18700\" data-id=\"fd18700\" data-element_type=\"column\" data-e-type=\"column\">\n\t\t\t<div class=\"elementor-widget-wrap elementor-element-populated\">\n\t\t\t\t\t\t<div class=\"elementor-element elementor-element-2c30ab7 elementor-widget elementor-widget-text-editor\" data-id=\"2c30ab7\" data-element_type=\"widget\" data-e-type=\"widget\" data-widget_type=\"text-editor.default\">\n\t\t\t\t<div class=\"elementor-widget-container\">\n\t\t\t\t\t\t\t\t\t<p style=\"text-align: center;\"><a href=\"https:\/\/www.pepiniere-boisdelalau.fr\/index.php\/nos-plantes\/grimpante\/\">D\u00e9couvrez nos grimpantes<\/a><\/p>\t\t\t\t\t\t\t\t<\/div>\n\t\t\t\t<\/div>\n\t\t\t\t\t<\/div>\n\t\t<\/div>\n\t\t\t\t<div class=\"elementor-column elementor-col-50 elementor-inner-column elementor-element elementor-element-4418fc3\" data-id=\"4418fc3\" data-element_type=\"column\" data-e-type=\"column\">\n\t\t\t<div class=\"elementor-widget-wrap elementor-element-populated\">\n\t\t\t\t\t\t<div class=\"elementor-element elementor-element-47f166a elementor-widget elementor-widget-text-editor\" data-id=\"47f166a\" data-element_type=\"widget\" data-e-type=\"widget\" data-widget_type=\"text-editor.default\">\n\t\t\t\t<div class=\"elementor-widget-container\">\n\t\t\t\t\t\t\t\t\t<p style=\"text-align: center;\"><a href=\"https:\/\/www.pepiniere-boisdelalau.fr\/index.php\/nos-plantes\/vivaces\/\">D\u00e9couvrez nos vivaces<\/a><\/p>\t\t\t\t\t\t\t\t<\/div>\n\t\t\t\t<\/div>\n\t\t\t\t\t<\/div>\n\t\t<\/div>\n\t\t\t\t\t<\/div>\n\t\t<\/section>\n\t\t\t\t<section class=\"elementor-section elementor-inner-section elementor-element elementor-element-bc1a1a3 elementor-section-boxed elementor-section-height-default elementor-section-height-default\" data-id=\"bc1a1a3\" data-element_type=\"section\" data-e-type=\"section\">\n\t\t\t\t\t\t<div class=\"elementor-container elementor-column-gap-default\">\n\t\t\t\t\t<div class=\"elementor-column elementor-col-50 elementor-inner-column elementor-element elementor-element-9bb0e0a\" data-id=\"9bb0e0a\" data-element_type=\"column\" data-e-type=\"column\">\n\t\t\t<div class=\"elementor-widget-wrap elementor-element-populated\">\n\t\t\t\t\t\t<div class=\"elementor-element elementor-element-bfc2800 elementor-widget elementor-widget-text-editor\" data-id=\"bfc2800\" data-element_type=\"widget\" data-e-type=\"widget\" data-widget_type=\"text-editor.default\">\n\t\t\t\t<div class=\"elementor-widget-container\">\n\t\t\t\t\t\t\t\t\t<p style=\"text-align: center;\"><a href=\"https:\/\/www.pepiniere-boisdelalau.fr\/index.php\/nos-plantes\/plantesaquatiques\/\">Plantes aquatiques<\/a><\/p>\t\t\t\t\t\t\t\t<\/div>\n\t\t\t\t<\/div>\n\t\t\t\t\t<\/div>\n\t\t<\/div>\n\t\t\t\t<div class=\"elementor-column elementor-col-50 elementor-inner-column elementor-element elementor-element-d3cb6b5\" data-id=\"d3cb6b5\" data-element_type=\"column\" data-e-type=\"column\">\n\t\t\t<div class=\"elementor-widget-wrap elementor-element-populated\">\n\t\t\t\t\t\t\t<\/div>\n\t\t<\/div>\n\t\t\t\t\t<\/div>\n\t\t<\/section>\n\t\t\t\t<section class=\"elementor-section elementor-inner-section elementor-element elementor-element-ae27ad3 elementor-section-boxed elementor-section-height-default elementor-section-height-default\" data-id=\"ae27ad3\" data-element_type=\"section\" data-e-type=\"section\">\n\t\t\t\t\t\t<div class=\"elementor-container elementor-column-gap-default\">\n\t\t\t\t\t<div class=\"elementor-column elementor-col-50 elementor-inner-column elementor-element elementor-element-3b91ace\" data-id=\"3b91ace\" data-element_type=\"column\" data-e-type=\"column\">\n\t\t\t<div class=\"elementor-widget-wrap\">\n\t\t\t\t\t\t\t<\/div>\n\t\t<\/div>\n\t\t\t\t<div class=\"elementor-column elementor-col-50 elementor-inner-column elementor-element elementor-element-2b15665\" data-id=\"2b15665\" data-element_type=\"column\" data-e-type=\"column\">\n\t\t\t<div class=\"elementor-widget-wrap elementor-element-populated\">\n\t\t\t\t\t\t<div class=\"elementor-element elementor-element-1f82d5e elementor-widget elementor-widget-text-editor\" data-id=\"1f82d5e\" data-element_type=\"widget\" data-e-type=\"widget\" data-widget_type=\"text-editor.default\">\n\t\t\t\t<div class=\"elementor-widget-container\">\n\t\t\t\t\t\t\t\t\t<p style=\"text-align: center;\">Pour les nouveaut\u00e9s vous pouvez nous suivre sur Facebook<\/p><p><a href=\"https:\/\/www.facebook.com\/pepiniereboisdelalau\" target=\"_blank\" rel=\"noopener\"><img decoding=\"async\" class=\"aligncenter wp-image-11516 size-medium\" src=\"https:\/\/www.pepiniere-boisdelalau.fr\/wp-content\/uploads\/2020\/04\/FindUsOn_FR_Header_2019-300x34.png\" alt=\"\" width=\"300\" height=\"34\" srcset=\"https:\/\/www.pepiniere-boisdelalau.fr\/wp-content\/uploads\/2020\/04\/FindUsOn_FR_Header_2019-300x34.png 300w, https:\/\/www.pepiniere-boisdelalau.fr\/wp-content\/uploads\/2020\/04\/FindUsOn_FR_Header_2019-1024x116.png 1024w, https:\/\/www.pepiniere-boisdelalau.fr\/wp-content\/uploads\/2020\/04\/FindUsOn_FR_Header_2019-768x87.png 768w, https:\/\/www.pepiniere-boisdelalau.fr\/wp-content\/uploads\/2020\/04\/FindUsOn_FR_Header_2019-1536x174.png 1536w, https:\/\/www.pepiniere-boisdelalau.fr\/wp-content\/uploads\/2020\/04\/finduson_fr_header_2019.png 883w\" sizes=\"(max-width: 300px) 100vw, 300px\" \/><\/a><\/p><p style=\"text-align: center;\">et pour une commande avec <a href=\"https:\/\/app.cagette.net\/group\/8177\" target=\"_blank\" rel=\"noopener\">le retrait \u00e0 la ferme<\/a>.<\/p><pre><a href=\"https:\/\/app.cagette.net\/group\/8177\" target=\"_blank\" rel=\"noopener\"><img decoding=\"async\" class=\" wp-image-11543 aligncenter\" src=\"https:\/\/www.pepiniere-boisdelalau.fr\/wp-content\/uploads\/2020\/04\/logo.png\" alt=\"\" width=\"111\" height=\"88\" \/><\/a><\/pre>\t\t\t\t\t\t\t\t<\/div>\n\t\t\t\t<\/div>\n\t\t\t\t\t<\/div>\n\t\t<\/div>\n\t\t\t\t\t<\/div>\n\t\t<\/section>\n\t\t\t\t\t<\/div>\n\t\t<\/div>\n\t\t\t\t\t<\/div>\n\t\t<\/section>\n\t\t\t\t<\/div>\n\t\t","protected":false},"excerpt":{"rendered":"<p>Service mise en place pendant et apr\u00e8s le confinement*. Veuillez retrouver toute l&rsquo;actualit\u00e9 et service mis en place sur cette page. * Nous maintenons le service jusqu&rsquo;au 7 mai 2021. &hellip;<\/p>\n","protected":false},"author":1,"featured_media":0,"parent":0,"menu_order":0,"comment_status":"closed","ping_status":"closed","template":"template-builder.php","meta":{"inline_featured_image":false,"_themeisle_gutenberg_block_has_review":false,"footnotes":""},"class_list":["post-205","page","type-page","status-publish","hentry"],"yoast_head":"<!-- This site is optimized with the Yoast SEO plugin v27.3 - https:\/\/yoast.com\/product\/yoast-seo-wordpress\/ -->\n<title>Nos plantes - P\u00e9pini\u00e8re du bois de Lalau<\/title>\n<meta name=\"robots\" content=\"index, follow, max-snippet:-1, max-image-preview:large, max-video-preview:-1\" \/>\n<link rel=\"canonical\" href=\"https:\/\/www.pepiniere-boisdelalau.fr\/index.php\/nos-plantes\/\" \/>\n<meta name=\"twitter:label1\" content=\"Dur\u00e9e de lecture estim\u00e9e\" \/>\n\t<meta name=\"twitter:data1\" content=\"1 minute\" \/>\n<script type=\"application\/ld+json\" class=\"yoast-schema-graph\">{\"@context\":\"https:\\\/\\\/schema.org\",\"@graph\":[{\"@type\":\"WebPage\",\"@id\":\"https:\\\/\\\/www.pepiniere-boisdelalau.fr\\\/index.php\\\/nos-plantes\\\/\",\"url\":\"https:\\\/\\\/www.pepiniere-boisdelalau.fr\\\/index.php\\\/nos-plantes\\\/\",\"name\":\"Nos plantes - P\u00e9pini\u00e8re du bois de Lalau\",\"isPartOf\":{\"@id\":\"https:\\\/\\\/www.pepiniere-boisdelalau.fr\\\/#website\"},\"primaryImageOfPage\":{\"@id\":\"https:\\\/\\\/www.pepiniere-boisdelalau.fr\\\/index.php\\\/nos-plantes\\\/#primaryimage\"},\"image\":{\"@id\":\"https:\\\/\\\/www.pepiniere-boisdelalau.fr\\\/index.php\\\/nos-plantes\\\/#primaryimage\"},\"thumbnailUrl\":\"https:\\\/\\\/www.pepiniere-boisdelalau.fr\\\/wp-content\\\/uploads\\\/2020\\\/04\\\/FindUsOn_FR_Header_2019-300x34.png\",\"datePublished\":\"2018-05-10T23:41:37+00:00\",\"dateModified\":\"2024-03-22T16:40:51+00:00\",\"breadcrumb\":{\"@id\":\"https:\\\/\\\/www.pepiniere-boisdelalau.fr\\\/index.php\\\/nos-plantes\\\/#breadcrumb\"},\"inLanguage\":\"fr-FR\",\"potentialAction\":[{\"@type\":\"ReadAction\",\"target\":[\"https:\\\/\\\/www.pepiniere-boisdelalau.fr\\\/index.php\\\/nos-plantes\\\/\"]}]},{\"@type\":\"ImageObject\",\"inLanguage\":\"fr-FR\",\"@id\":\"https:\\\/\\\/www.pepiniere-boisdelalau.fr\\\/index.php\\\/nos-plantes\\\/#primaryimage\",\"url\":\"https:\\\/\\\/www.pepiniere-boisdelalau.fr\\\/wp-content\\\/uploads\\\/2020\\\/04\\\/FindUsOn_FR_Header_2019-300x34.png\",\"contentUrl\":\"https:\\\/\\\/www.pepiniere-boisdelalau.fr\\\/wp-content\\\/uploads\\\/2020\\\/04\\\/FindUsOn_FR_Header_2019-300x34.png\"},{\"@type\":\"BreadcrumbList\",\"@id\":\"https:\\\/\\\/www.pepiniere-boisdelalau.fr\\\/index.php\\\/nos-plantes\\\/#breadcrumb\",\"itemListElement\":[{\"@type\":\"ListItem\",\"position\":1,\"name\":\"Accueil\",\"item\":\"https:\\\/\\\/www.pepiniere-boisdelalau.fr\\\/\"},{\"@type\":\"ListItem\",\"position\":2,\"name\":\"Nos plantes\"}]},{\"@type\":\"WebSite\",\"@id\":\"https:\\\/\\\/www.pepiniere-boisdelalau.fr\\\/#website\",\"url\":\"https:\\\/\\\/www.pepiniere-boisdelalau.fr\\\/\",\"name\":\"P\u00e9pini\u00e8re le bois de Lalau\",\"description\":\"P\u00e9pini\u00e8riste paysan-producteur\",\"publisher\":{\"@id\":\"https:\\\/\\\/www.pepiniere-boisdelalau.fr\\\/#organization\"},\"potentialAction\":[{\"@type\":\"SearchAction\",\"target\":{\"@type\":\"EntryPoint\",\"urlTemplate\":\"https:\\\/\\\/www.pepiniere-boisdelalau.fr\\\/?s={search_term_string}\"},\"query-input\":{\"@type\":\"PropertyValueSpecification\",\"valueRequired\":true,\"valueName\":\"search_term_string\"}}],\"inLanguage\":\"fr-FR\"},{\"@type\":\"Organization\",\"@id\":\"https:\\\/\\\/www.pepiniere-boisdelalau.fr\\\/#organization\",\"name\":\"P\u00e9pini\u00e8re le bois de Lalau\",\"url\":\"https:\\\/\\\/www.pepiniere-boisdelalau.fr\\\/\",\"logo\":{\"@type\":\"ImageObject\",\"inLanguage\":\"fr-FR\",\"@id\":\"https:\\\/\\\/www.pepiniere-boisdelalau.fr\\\/#\\\/schema\\\/logo\\\/image\\\/\",\"url\":\"\",\"contentUrl\":\"\",\"caption\":\"P\u00e9pini\u00e8re le bois de Lalau\"},\"image\":{\"@id\":\"https:\\\/\\\/www.pepiniere-boisdelalau.fr\\\/#\\\/schema\\\/logo\\\/image\\\/\"},\"sameAs\":[\"https:\\\/\\\/www.facebook.com\\\/pepiniereboisdelalau\"]}]}<\/script>\n<!-- \/ Yoast SEO plugin. -->","yoast_head_json":{"title":"Nos plantes - P\u00e9pini\u00e8re du bois de Lalau","robots":{"index":"index","follow":"follow","max-snippet":"max-snippet:-1","max-image-preview":"max-image-preview:large","max-video-preview":"max-video-preview:-1"},"canonical":"https:\/\/www.pepiniere-boisdelalau.fr\/index.php\/nos-plantes\/","twitter_misc":{"Dur\u00e9e de lecture estim\u00e9e":"1 minute"},"schema":{"@context":"https:\/\/schema.org","@graph":[{"@type":"WebPage","@id":"https:\/\/www.pepiniere-boisdelalau.fr\/index.php\/nos-plantes\/","url":"https:\/\/www.pepiniere-boisdelalau.fr\/index.php\/nos-plantes\/","name":"Nos plantes - P\u00e9pini\u00e8re du bois de Lalau","isPartOf":{"@id":"https:\/\/www.pepiniere-boisdelalau.fr\/#website"},"primaryImageOfPage":{"@id":"https:\/\/www.pepiniere-boisdelalau.fr\/index.php\/nos-plantes\/#primaryimage"},"image":{"@id":"https:\/\/www.pepiniere-boisdelalau.fr\/index.php\/nos-plantes\/#primaryimage"},"thumbnailUrl":"https:\/\/www.pepiniere-boisdelalau.fr\/wp-content\/uploads\/2020\/04\/FindUsOn_FR_Header_2019-300x34.png","datePublished":"2018-05-10T23:41:37+00:00","dateModified":"2024-03-22T16:40:51+00:00","breadcrumb":{"@id":"https:\/\/www.pepiniere-boisdelalau.fr\/index.php\/nos-plantes\/#breadcrumb"},"inLanguage":"fr-FR","potentialAction":[{"@type":"ReadAction","target":["https:\/\/www.pepiniere-boisdelalau.fr\/index.php\/nos-plantes\/"]}]},{"@type":"ImageObject","inLanguage":"fr-FR","@id":"https:\/\/www.pepiniere-boisdelalau.fr\/index.php\/nos-plantes\/#primaryimage","url":"https:\/\/www.pepiniere-boisdelalau.fr\/wp-content\/uploads\/2020\/04\/FindUsOn_FR_Header_2019-300x34.png","contentUrl":"https:\/\/www.pepiniere-boisdelalau.fr\/wp-content\/uploads\/2020\/04\/FindUsOn_FR_Header_2019-300x34.png"},{"@type":"BreadcrumbList","@id":"https:\/\/www.pepiniere-boisdelalau.fr\/index.php\/nos-plantes\/#breadcrumb","itemListElement":[{"@type":"ListItem","position":1,"name":"Accueil","item":"https:\/\/www.pepiniere-boisdelalau.fr\/"},{"@type":"ListItem","position":2,"name":"Nos plantes"}]},{"@type":"WebSite","@id":"https:\/\/www.pepiniere-boisdelalau.fr\/#website","url":"https:\/\/www.pepiniere-boisdelalau.fr\/","name":"P\u00e9pini\u00e8re le bois de Lalau","description":"P\u00e9pini\u00e8riste paysan-producteur","publisher":{"@id":"https:\/\/www.pepiniere-boisdelalau.fr\/#organization"},"potentialAction":[{"@type":"SearchAction","target":{"@type":"EntryPoint","urlTemplate":"https:\/\/www.pepiniere-boisdelalau.fr\/?s={search_term_string}"},"query-input":{"@type":"PropertyValueSpecification","valueRequired":true,"valueName":"search_term_string"}}],"inLanguage":"fr-FR"},{"@type":"Organization","@id":"https:\/\/www.pepiniere-boisdelalau.fr\/#organization","name":"P\u00e9pini\u00e8re le bois de Lalau","url":"https:\/\/www.pepiniere-boisdelalau.fr\/","logo":{"@type":"ImageObject","inLanguage":"fr-FR","@id":"https:\/\/www.pepiniere-boisdelalau.fr\/#\/schema\/logo\/image\/","url":"","contentUrl":"","caption":"P\u00e9pini\u00e8re le bois de Lalau"},"image":{"@id":"https:\/\/www.pepiniere-boisdelalau.fr\/#\/schema\/logo\/image\/"},"sameAs":["https:\/\/www.facebook.com\/pepiniereboisdelalau"]}]}},"_links":{"self":[{"href":"https:\/\/www.pepiniere-boisdelalau.fr\/index.php\/wp-json\/wp\/v2\/pages\/205","targetHints":{"allow":["GET"]}}],"collection":[{"href":"https:\/\/www.pepiniere-boisdelalau.fr\/index.php\/wp-json\/wp\/v2\/pages"}],"about":[{"href":"https:\/\/www.pepiniere-boisdelalau.fr\/index.php\/wp-json\/wp\/v2\/types\/page"}],"author":[{"embeddable":true,"href":"https:\/\/www.pepiniere-boisdelalau.fr\/index.php\/wp-json\/wp\/v2\/users\/1"}],"replies":[{"embeddable":true,"href":"https:\/\/www.pepiniere-boisdelalau.fr\/index.php\/wp-json\/wp\/v2\/comments?post=205"}],"version-history":[{"count":0,"href":"https:\/\/www.pepiniere-boisdelalau.fr\/index.php\/wp-json\/wp\/v2\/pages\/205\/revisions"}],"wp:attachment":[{"href":"https:\/\/www.pepiniere-boisdelalau.fr\/index.php\/wp-json\/wp\/v2\/media?parent=205"}],"curies":[{"name":"wp","href":"https:\/\/api.w.org\/{rel}","templated":true}]}}