{"id":237,"date":"2019-05-07T17:46:29","date_gmt":"2019-05-07T15:46:29","guid":{"rendered":"http:\/\/www.pepiniere-boisdelalau.fr\/?page_id=237"},"modified":"2021-11-02T14:07:23","modified_gmt":"2021-11-02T13:07:23","slug":"politique-de-confidentialite","status":"publish","type":"page","link":"https:\/\/www.pepiniere-boisdelalau.fr\/index.php\/politique-de-confidentialite\/","title":{"rendered":"Politique de confidentialit\u00e9 &#8211; Mentions l\u00e9gales"},"content":{"rendered":"\n<h2 class=\"wp-block-heading\">Qui sommes-nous&nbsp;?<\/h2>\n\n\n<div class=\"alignleft wp-block-site-logo\"><a href=\"https:\/\/www.pepiniere-boisdelalau.fr\/\" class=\"custom-logo-link\" rel=\"home\"><img decoding=\"async\" width=\"183\" height=\"214\" src=\"https:\/\/www.pepiniere-boisdelalau.fr\/wp-content\/uploads\/2023\/07\/cropped-logo2021miniv3.jpg\" class=\"custom-logo\" alt=\"P\u00e9pini\u00e8re du bois de Lalau\" \/><\/a><\/div>\n\n\n<p><strong>Propri\u00e9taire<\/strong> : Mr Mannechez, P\u00e9pini\u00e8re du bois de Lalau, 842 route de Saint-Jean, LD bois de Lalau, 81630 Salvagnac, Tarn, France.<\/p>\n\n\n\n<p><strong>H\u00e9bergeur<\/strong> : ovh \u2013 2 rue Kellermann 59100 Roubaix 1007<\/p>\n\n\n\n<p>L\u2019adresse de notre site Web est\u00a0: <a href=\"https:\/\/www.pepiniere-boisdelalau.fr\" rel=\"nofollow\">https:\/\/www.pepiniere-boisdelalau.fr<\/a>.<\/p>\n\n\n\n<p>Retrouv\u00e9 le formulaire, l&rsquo;adresse et t\u00e9l\u00e9phone dans <strong><a href=\"https:\/\/www.pepiniere-boisdelalau.fr\/index.php\/contact\/\">contact<\/a><\/strong>.<\/p>\n\n\n\n<p>Num\u00e9ro SIRET : <\/p>\n\n\n\n<p>Non assujetti \u00e0 la T.V.A.<\/p>\n\n\n\n<h2 class=\"wp-block-heading\" id=\"donn\u00e9es-personnelles\">Utilisation des donn\u00e9es personnelles collect\u00e9es.<\/h2>\n\n\n\n<h3 class=\"wp-block-heading\">Les formulaires. <\/h3>\n\n\n\n<p>Les formulaires collectent vos noms, pr\u00e9noms, e-mails, commentaires, adresse, num\u00e9ro de t\u00e9l\u00e9phone, suggestions, choix ou\/et messages. <\/p>\n\n\n\n<h4 class=\"wp-block-heading\" id=\"Formulaires-autre\">Les formulaires suggestion, commande ou contact.<\/h4>\n\n\n\n<ol class=\"wp-block-list\"><li>Pour les formulaires suggestions, commandes ou contacts, ces informations sont collect\u00e9es afin que nous puissions vous contacter pour le suivi.<\/li><li>Les informations recueillies sur ce formulaire sont enregistr\u00e9es dans un fichier informatis\u00e9 par p\u00e9pini\u00e8re bois de Lalau, 842 Route de Saint-Jean 81630 Salvagnac pour les contacts et les suggestions.<\/li><li>La base l\u00e9gale du traitement est le consentement.<\/li><li>Les donn\u00e9es collect\u00e9es seront communiqu\u00e9es aux seuls destinataires suivants : p\u00e9pini\u00e8re bois de Lalau, 842 Route de Saint-Jean 81630 Salvagnac.<\/li><li>Les donn\u00e9es sont conserv\u00e9es pendant 2 mois apr\u00e8s le dernier messages ou seront effac\u00e9es sur demandes apr\u00e8s le suivi sous 48H et au maximum 1 mois.<\/li><li>Vous pouvez acc\u00e9der aux donn\u00e9es vous concernant, les rectifier, demander leur effacement ou exercer votre droit \u00e0 la limitation du traitement de vos donn\u00e9es.<\/li><li>Consultez le site cnil.fr pour plus d\u2019informations sur vos droits.<\/li><li>Pour exercer ces droits ou pour toute question sur le traitement de vos donn\u00e9es dans ce dispositif, vous pouvez contacter notre webmaster par mail <a href=\"javascript:;\" rel=\"nofollow\">gestion-donnee@pepiniere-boisdelalau.fr<\/a>, par boite postale: 842 route de Saint-Jean, 81630 Salvagnac ou <a href=\"tel:+33607191245\">06 07 19 12 45<\/a>.<\/li><li>Si vous estimez, apr\u00e8s nous avoir contact\u00e9s, que vos droits \u00ab Informatique et Libert\u00e9s \u00bb ne sont pas respect\u00e9s, vous pouvez adresser une r\u00e9clamation \u00e0 la CNIL.<\/li><\/ol>\n\n\n\n<h4 class=\"wp-block-heading\" id=\"formulaire-newsletter\">Les formulaires de la newsletter.<\/h4>\n\n\n\n<ol class=\"wp-block-list\"><li>Le formulaire de newsletter utilise les informations pour vous envoyer une newsletter.<\/li><li>Vous pouvez acc\u00e9der aux donn\u00e9es vous concernant, les rectifier, demander leur effacement ou exercer votre droit \u00e0 la limitation du traitement de vos donn\u00e9es. <\/li><li>Toute modification du traitement de vos donn\u00e9es sera faite sous 48H et au maximum de 30 jours apr\u00e8s votre demande ou sont conserv\u00e9es au maximum l\u00e9gale.<\/li><li>Les informations recueillies sur ce formulaire sont enregistr\u00e9es dans un fichier informatis\u00e9 par p\u00e9pini\u00e8re bois de Lalau, 842 Route de Saint-Jean 81630 Salvagnac pour sa newsletter. <\/li><li>La base l\u00e9gale du traitement est le consentement.<\/li><li>Les donn\u00e9es collect\u00e9es seront communiqu\u00e9es aux seuls destinataires suivants : p\u00e9pini\u00e8re bois de Lalau, 842 Route de Saint-Jean 81630 Salvagnac.<\/li><li>Nous utilisons Sendinblue en tant que prestataire. Retrouvez leurs <a rel=\"noreferrer noopener\" target=\"_blank\" href=\"https:\/\/fr.sendinblue.com\/legal\/termsofuse\/\">conditions g\u00e9n\u00e9rales d&rsquo;utilisation de Sendinblue<\/a>.<\/li><li>Consultez le site cnil.fr pour plus d\u2019informations sur vos droits.<\/li><li>Pour exercer ces droits ou pour toute question sur le traitement de vos donn\u00e9es dans ce dispositif, vous pouvez contacter notre web-master par mail <a href=\"javascript:;\">gestion-donnee@pepiniere-boisdelalau.fr<\/a>, vous pouvez vous d\u00e9sinscrire \u00e0 tout moment en cliquant sur le lien pr\u00e9sent dans nos e-mails, par boite postale: p\u00e9pini\u00e8re bois de Lalau, 842 route de Saint-Jean, 81630 Salvagnac ou <a href=\"tel:+33607191245\" rel=\"nofollow\">06 07 19 12 45<\/a>.<\/li><li>Si vous estimez, apr\u00e8s nous avoir contact\u00e9s, que vos droits \u00ab Informatique et Libert\u00e9s \u00bb ne sont pas respect\u00e9s, vous pouvez adresser une r\u00e9clamation \u00e0 la CNIL.<\/li><\/ol>\n\n\n\n<div class=\"wp-block-group\"><div class=\"wp-block-group__inner-container is-layout-flow wp-block-group-is-layout-flow\">\n<h3 class=\"wp-block-heading\">Cookies<\/h3>\n<\/div><\/div>\n\n\n\n<p>Lire la page d\u00e9di\u00e9 \u00e0 la <a href=\"https:\/\/www.pepiniere-boisdelalau.fr\/index.php\/politique-de-cookies-ue\/\">Politique de cookies (UE)<\/a> pour en savoir plus sur l&rsquo;utilisation des cookies.<\/p>\n\n\n\n<div class=\"wp-block-group\"><div class=\"wp-block-group__inner-container is-layout-flow wp-block-group-is-layout-flow\">\n<h3 class=\"wp-block-heading\">Sendinblue<\/h3>\n<\/div><\/div>\n\n\n\n<div class=\"wp-block-group\"><div class=\"wp-block-group__inner-container is-layout-flow wp-block-group-is-layout-flow\">\n<p>Sendinblue est un prestataire de service, qui nous permet d&rsquo;envoyer des newsletters vous pouvais lire les <a rel=\"noreferrer noopener\" target=\"_blank\" href=\"https:\/\/fr.sendinblue.com\/legal\/termsofuse\/\">conditions g\u00e9n\u00e9rales d&rsquo;utilisation<\/a> du service.<\/p>\n<\/div><\/div>\n\n\n\n<div class=\"wp-block-group\"><div class=\"wp-block-group__inner-container is-layout-flow wp-block-group-is-layout-flow\">\n<h3 class=\"wp-block-heading\">Contenu embarqu\u00e9 depuis d\u2019autres sites<\/h3>\n\n\n\n<p>Les articles de ce site peuvent inclure des contenus int\u00e9gr\u00e9s (par exemple des vid\u00e9os, images, articles\u2026). Le contenu int\u00e9gr\u00e9 depuis d\u2019autres sites se comporte de la m\u00eame mani\u00e8re que si le visiteur se rendait sur cet autre site.<\/p>\n\n\n\n<p>Ces sites web pourraient collecter des donn\u00e9es sur vous, utiliser des cookies, embarquer des outils de suivis tiers, suivre vos interactions avec ces contenus embarqu\u00e9s si vous disposez d\u2019un compte connect\u00e9 sur leur site web.<\/p>\n<\/div><\/div>\n\n\n\n<h3 class=\"wp-block-heading\">Statistiques et mesures d\u2019audience<\/h3>\n\n\n\n<p>Nous relevons des statistiques anonymes et des mesures d&rsquo;audience anonymes via matomo (voir page : <a href=\"https:\/\/www.pepiniere-boisdelalau.fr\/index.php\/politique-de-cookies-ue\/\">Politique de cookies (UE)<\/a>).<\/p>\n\n\n\n<h2 class=\"wp-block-heading\">Utilisation et transmission de vos donn\u00e9es personnelles<\/h2>\n\n\n\n<p>Veuillez vous reporter \u00e0 l&rsquo;<a href=\"#donn\u00e9es-personnelles\">Utilisation des donn\u00e9es personnelles collect\u00e9es<\/a>.<\/p>\n\n\n\n<h2 class=\"wp-block-heading\">Dur\u00e9es de stockage de vos donn\u00e9es<\/h2>\n\n\n\n<p>Pour les newsletter se r\u00e9f\u00e9rer au <a href=\"#formulaire-newsletter\">3.<\/a> du titre Les formulaires de la newsletter. Et autres donn\u00e9es au <a href=\"#Formulaires-autre\">5.<\/a> Les formulaire suggestion ou contact.<\/p>\n\n\n\n<h2 class=\"wp-block-heading\">Les droits que vous avez sur vos donn\u00e9es<\/h2>\n\n\n\n<p>Vous pouvez acc\u00e9der aux donn\u00e9es vous concernant, les rectifier, demander leur effacement ou exercer votre droit \u00e0 la limitation du traitement de vos donn\u00e9es.<\/p>\n\n\n\n<p>Toute modification du traitement de vos donn\u00e9es sera faite sous 48H et au maximum de 30 jours apr\u00e8s votre demande ou sont conserv\u00e9es au maximum l\u00e9gale<\/p>\n\n\n\n<h2 class=\"wp-block-heading\">Transmission de vos donn\u00e9es personnelles<\/h2>\n\n\n\n<p>Les donn\u00e9es collect\u00e9es seront communiqu\u00e9es aux seuls destinataires suivants : p\u00e9pini\u00e8re bois de Lalau, 842 Route de Saint-Jean 81630 Salvagnac.<\/p>\n\n\n\n<h2 class=\"wp-block-heading\">Informations de contact<\/h2>\n\n\n\n<p>Lire <a href=\"#Formulaires-autre\">les formulaire suggestion ou contact.<\/a><\/p>\n\n\n\n<h2 class=\"wp-block-heading\">Informations suppl\u00e9mentaires<\/h2>\n\n\n\n<h3 class=\"wp-block-heading\">Comment nous prot\u00e9geons vos donn\u00e9es.<\/h3>\n\n\n\n<h4 class=\"wp-block-heading\">&gt;Statistiques<\/h4>\n\n\n\n<p>Les donn\u00e9es statistiques sont anonymis\u00e9es.<\/p>\n\n\n\n<h4 class=\"wp-block-heading\">&gt;Newsletters<\/h4>\n\n\n\n<p>Vos donn\u00e9es sont stock\u00e9 sur Sendinblue pour la newsletters (se r\u00e9f\u00e9rer au <a href=\"#formulaire-newsletter\">3.<\/a>). Extrait de <a href=\"https:\/\/fr.sendinblue.com\/legal\/privacypolicy\/\">Politique de Confidentialit\u00e9 Protection des donn\u00e9es \u00e0 caract\u00e8re personnel<\/a> : <\/p>\n\n\n\n<div class=\"wp-block-group has-light-green-cyan-background-color has-background\"><div class=\"wp-block-group__inner-container is-layout-flow wp-block-group-is-layout-flow\">\n<p>\u00a0\u00bb Sendinblue a pris toutes pr\u00e9cautions utiles pour pr\u00e9server la s\u00e9curit\u00e9 des donn\u00e9es \u00e0 caract\u00e8re personnel et, notamment, emp\u00eacher qu\u2019elles soient d\u00e9form\u00e9es ou endommag\u00e9es ou que des tiers non autoris\u00e9s y aient acc\u00e8s. <br><\/p>\n\n\n\n<p>Ces mesures sont notamment les suivantes :<\/p>\n\n\n\n<p>&gt;Pare-feu multi-niveaux,<\/p>\n\n\n\n<p>&gt;Anti-virus de notori\u00e9t\u00e9 av\u00e9r\u00e9e et d\u00e9tection des tentatives d\u2019intrusion,<\/p>\n\n\n\n<p>&gt;Transmission crypt\u00e9e des donn\u00e9es \u00e0 l\u2019aide de la technologie SSL\/https\/VPN,<\/p>\n\n\n\n<p>&gt;Data centers Tier 3 et certifi\u00e9s PCI DSS<\/p>\n\n\n\n<p>Par ailleurs, l\u2019acc\u00e8s aux traitements par les services de Sendinblue destinataires n\u00e9cessite une authentification des personnes acc\u00e9dant aux donn\u00e9es, au moyen d\u2019un code d\u2019acc\u00e8s et d\u2019un mot de passe individuels, suffisamment robustes et r\u00e9guli\u00e8rement renouvel\u00e9s.<\/p>\n\n\n\n<p>Les donn\u00e9es transitant sur des canaux de communication non s\u00e9curis\u00e9s font l\u2019objet de mesures techniques visant \u00e0 rendre ces donn\u00e9es incompr\u00e9hensibles \u00e0 toute personne non autoris\u00e9e. \u00ab\u00a0<\/p>\n\n\n\n<p>Toute question concernant la Politique de confidentialit\u00e9 de Sendinblue peut \u00eatre adress\u00e9e par email \u00e0 <a href=\"mailto:privacy@sendinblue.com\">privacy@sendinblue.com<\/a> ou par courrier \u00e0 :<\/p>\n\n\n\n<p><strong>Sendinblue SAS \u2013 Politique de confidentialit\u00e9<\/strong><br><strong>55, rue d\u2019Amsterdam 75008 Paris, France<\/strong><\/p>\n\n\n\n<pre class=\"wp-block-verse\">  Extrait de <a href=\"https:\/\/fr.sendinblue.com\/legal\/privacypolicy\/\">Politique de Confidentialit\u00e9 Protection des donn\u00e9es \u00e0 caract\u00e8re personnel<\/a>.<\/pre>\n<\/div><\/div>\n\n\n\n<h3 class=\"wp-block-heading\">Proc\u00e9dures mises en \u0153uvre en cas de fuite de donn\u00e9es<\/h3>\n\n\n\n<p>Aucunes donn\u00e9es personnelles n&rsquo;est stock\u00e9 sur notre site.<\/p>\n\n\n\n<h3 class=\"wp-block-heading\">Les services tiers qui nous transmettent des donn\u00e9es<\/h3>\n\n\n\n<p>Aucuns services tiers nous transmettent des donn\u00e9es. <\/p>\n\n\n\n<h3 class=\"wp-block-heading\">Op\u00e9rations de marketing automatis\u00e9 et\/ou de profilage r\u00e9alis\u00e9es \u00e0 l\u2019aide des donn\u00e9es personnelles<\/h3>\n\n\n\n<p>Nous pouvons utilis\u00e9 Sendinblue pour du marketing automatis\u00e9.<\/p>\n\n\n\n<h3 class=\"wp-block-heading\">Affichage des informations li\u00e9es aux secteurs soumis \u00e0 des r\u00e9gulations sp\u00e9cifiques<\/h3>\n","protected":false},"excerpt":{"rendered":"<p>Qui sommes-nous&nbsp;? Propri\u00e9taire : Mr Mannechez, P\u00e9pini\u00e8re du bois de Lalau, 842 route de Saint-Jean, LD bois de Lalau, 81630 Salvagnac, Tarn, France. H\u00e9bergeur : ovh \u2013 2 rue Kellermann &hellip;<\/p>\n","protected":false},"author":1,"featured_media":0,"parent":0,"menu_order":0,"comment_status":"closed","ping_status":"closed","template":"","meta":{"inline_featured_image":false,"_themeisle_gutenberg_block_has_review":false,"footnotes":""},"class_list":["post-237","page","type-page","status-publish","hentry"],"yoast_head":"<!-- This site is optimized with the Yoast SEO plugin v27.4 - https:\/\/yoast.com\/product\/yoast-seo-wordpress\/ -->\n<title>Politique de confidentialit\u00e9 - Mentions l\u00e9gales - P\u00e9pini\u00e8re du bois de Lalau<\/title>\n<meta name=\"robots\" content=\"index, follow, max-snippet:-1, max-image-preview:large, max-video-preview:-1\" \/>\n<link rel=\"canonical\" href=\"https:\/\/www.pepiniere-boisdelalau.fr\/index.php\/politique-de-confidentialite\/\" \/>\n<meta name=\"twitter:label1\" content=\"Dur\u00e9e de lecture estim\u00e9e\" \/>\n\t<meta name=\"twitter:data1\" content=\"5 minutes\" \/>\n<script type=\"application\/ld+json\" class=\"yoast-schema-graph\">{\"@context\":\"https:\\\/\\\/schema.org\",\"@graph\":[{\"@type\":\"WebPage\",\"@id\":\"https:\\\/\\\/www.pepiniere-boisdelalau.fr\\\/index.php\\\/politique-de-confidentialite\\\/\",\"url\":\"https:\\\/\\\/www.pepiniere-boisdelalau.fr\\\/index.php\\\/politique-de-confidentialite\\\/\",\"name\":\"Politique de confidentialit\u00e9 - Mentions l\u00e9gales - P\u00e9pini\u00e8re du bois de Lalau\",\"isPartOf\":{\"@id\":\"https:\\\/\\\/www.pepiniere-boisdelalau.fr\\\/#website\"},\"datePublished\":\"2019-05-07T15:46:29+00:00\",\"dateModified\":\"2021-11-02T13:07:23+00:00\",\"breadcrumb\":{\"@id\":\"https:\\\/\\\/www.pepiniere-boisdelalau.fr\\\/index.php\\\/politique-de-confidentialite\\\/#breadcrumb\"},\"inLanguage\":\"fr-FR\",\"potentialAction\":[{\"@type\":\"ReadAction\",\"target\":[\"https:\\\/\\\/www.pepiniere-boisdelalau.fr\\\/index.php\\\/politique-de-confidentialite\\\/\"]}]},{\"@type\":\"BreadcrumbList\",\"@id\":\"https:\\\/\\\/www.pepiniere-boisdelalau.fr\\\/index.php\\\/politique-de-confidentialite\\\/#breadcrumb\",\"itemListElement\":[{\"@type\":\"ListItem\",\"position\":1,\"name\":\"Accueil\",\"item\":\"https:\\\/\\\/www.pepiniere-boisdelalau.fr\\\/\"},{\"@type\":\"ListItem\",\"position\":2,\"name\":\"Politique de confidentialit\u00e9 &#8211; Mentions l\u00e9gales\"}]},{\"@type\":\"WebSite\",\"@id\":\"https:\\\/\\\/www.pepiniere-boisdelalau.fr\\\/#website\",\"url\":\"https:\\\/\\\/www.pepiniere-boisdelalau.fr\\\/\",\"name\":\"P\u00e9pini\u00e8re le bois de Lalau\",\"description\":\"P\u00e9pini\u00e8riste paysan-producteur\",\"publisher\":{\"@id\":\"https:\\\/\\\/www.pepiniere-boisdelalau.fr\\\/#organization\"},\"potentialAction\":[{\"@type\":\"SearchAction\",\"target\":{\"@type\":\"EntryPoint\",\"urlTemplate\":\"https:\\\/\\\/www.pepiniere-boisdelalau.fr\\\/?s={search_term_string}\"},\"query-input\":{\"@type\":\"PropertyValueSpecification\",\"valueRequired\":true,\"valueName\":\"search_term_string\"}}],\"inLanguage\":\"fr-FR\"},{\"@type\":\"Organization\",\"@id\":\"https:\\\/\\\/www.pepiniere-boisdelalau.fr\\\/#organization\",\"name\":\"P\u00e9pini\u00e8re le bois de Lalau\",\"url\":\"https:\\\/\\\/www.pepiniere-boisdelalau.fr\\\/\",\"logo\":{\"@type\":\"ImageObject\",\"inLanguage\":\"fr-FR\",\"@id\":\"https:\\\/\\\/www.pepiniere-boisdelalau.fr\\\/#\\\/schema\\\/logo\\\/image\\\/\",\"url\":\"\",\"contentUrl\":\"\",\"caption\":\"P\u00e9pini\u00e8re le bois de Lalau\"},\"image\":{\"@id\":\"https:\\\/\\\/www.pepiniere-boisdelalau.fr\\\/#\\\/schema\\\/logo\\\/image\\\/\"},\"sameAs\":[\"https:\\\/\\\/www.facebook.com\\\/pepiniereboisdelalau\"]}]}<\/script>\n<!-- \/ Yoast SEO plugin. -->","yoast_head_json":{"title":"Politique de confidentialit\u00e9 - Mentions l\u00e9gales - P\u00e9pini\u00e8re du bois de Lalau","robots":{"index":"index","follow":"follow","max-snippet":"max-snippet:-1","max-image-preview":"max-image-preview:large","max-video-preview":"max-video-preview:-1"},"canonical":"https:\/\/www.pepiniere-boisdelalau.fr\/index.php\/politique-de-confidentialite\/","twitter_misc":{"Dur\u00e9e de lecture estim\u00e9e":"5 minutes"},"schema":{"@context":"https:\/\/schema.org","@graph":[{"@type":"WebPage","@id":"https:\/\/www.pepiniere-boisdelalau.fr\/index.php\/politique-de-confidentialite\/","url":"https:\/\/www.pepiniere-boisdelalau.fr\/index.php\/politique-de-confidentialite\/","name":"Politique de confidentialit\u00e9 - Mentions l\u00e9gales - P\u00e9pini\u00e8re du bois de Lalau","isPartOf":{"@id":"https:\/\/www.pepiniere-boisdelalau.fr\/#website"},"datePublished":"2019-05-07T15:46:29+00:00","dateModified":"2021-11-02T13:07:23+00:00","breadcrumb":{"@id":"https:\/\/www.pepiniere-boisdelalau.fr\/index.php\/politique-de-confidentialite\/#breadcrumb"},"inLanguage":"fr-FR","potentialAction":[{"@type":"ReadAction","target":["https:\/\/www.pepiniere-boisdelalau.fr\/index.php\/politique-de-confidentialite\/"]}]},{"@type":"BreadcrumbList","@id":"https:\/\/www.pepiniere-boisdelalau.fr\/index.php\/politique-de-confidentialite\/#breadcrumb","itemListElement":[{"@type":"ListItem","position":1,"name":"Accueil","item":"https:\/\/www.pepiniere-boisdelalau.fr\/"},{"@type":"ListItem","position":2,"name":"Politique de confidentialit\u00e9 &#8211; Mentions l\u00e9gales"}]},{"@type":"WebSite","@id":"https:\/\/www.pepiniere-boisdelalau.fr\/#website","url":"https:\/\/www.pepiniere-boisdelalau.fr\/","name":"P\u00e9pini\u00e8re le bois de Lalau","description":"P\u00e9pini\u00e8riste paysan-producteur","publisher":{"@id":"https:\/\/www.pepiniere-boisdelalau.fr\/#organization"},"potentialAction":[{"@type":"SearchAction","target":{"@type":"EntryPoint","urlTemplate":"https:\/\/www.pepiniere-boisdelalau.fr\/?s={search_term_string}"},"query-input":{"@type":"PropertyValueSpecification","valueRequired":true,"valueName":"search_term_string"}}],"inLanguage":"fr-FR"},{"@type":"Organization","@id":"https:\/\/www.pepiniere-boisdelalau.fr\/#organization","name":"P\u00e9pini\u00e8re le bois de Lalau","url":"https:\/\/www.pepiniere-boisdelalau.fr\/","logo":{"@type":"ImageObject","inLanguage":"fr-FR","@id":"https:\/\/www.pepiniere-boisdelalau.fr\/#\/schema\/logo\/image\/","url":"","contentUrl":"","caption":"P\u00e9pini\u00e8re le bois de Lalau"},"image":{"@id":"https:\/\/www.pepiniere-boisdelalau.fr\/#\/schema\/logo\/image\/"},"sameAs":["https:\/\/www.facebook.com\/pepiniereboisdelalau"]}]}},"_links":{"self":[{"href":"https:\/\/www.pepiniere-boisdelalau.fr\/index.php\/wp-json\/wp\/v2\/pages\/237","targetHints":{"allow":["GET"]}}],"collection":[{"href":"https:\/\/www.pepiniere-boisdelalau.fr\/index.php\/wp-json\/wp\/v2\/pages"}],"about":[{"href":"https:\/\/www.pepiniere-boisdelalau.fr\/index.php\/wp-json\/wp\/v2\/types\/page"}],"author":[{"embeddable":true,"href":"https:\/\/www.pepiniere-boisdelalau.fr\/index.php\/wp-json\/wp\/v2\/users\/1"}],"replies":[{"embeddable":true,"href":"https:\/\/www.pepiniere-boisdelalau.fr\/index.php\/wp-json\/wp\/v2\/comments?post=237"}],"version-history":[{"count":0,"href":"https:\/\/www.pepiniere-boisdelalau.fr\/index.php\/wp-json\/wp\/v2\/pages\/237\/revisions"}],"wp:attachment":[{"href":"https:\/\/www.pepiniere-boisdelalau.fr\/index.php\/wp-json\/wp\/v2\/media?parent=237"}],"curies":[{"name":"wp","href":"https:\/\/api.w.org\/{rel}","templated":true}]}}