{"id":440716,"date":"2022-10-27T11:03:22","date_gmt":"2022-10-27T09:03:22","guid":{"rendered":"https:\/\/www.pepiniere-boisdelalau.fr\/?page_id=440716"},"modified":"2023-05-18T19:47:18","modified_gmt":"2023-05-18T17:47:18","slug":"georges-yvonne","status":"publish","type":"page","link":"https:\/\/www.pepiniere-boisdelalau.fr\/index.php\/georges-yvonne\/","title":{"rendered":"Georges Yvonne"},"content":{"rendered":"","protected":true},"excerpt":{"rendered":"","protected":true},"author":1,"featured_media":0,"parent":0,"menu_order":0,"comment_status":"closed","ping_status":"closed","template":"","meta":{"inline_featured_image":false,"_themeisle_gutenberg_block_has_review":false,"footnotes":""},"class_list":["post-440716","page","type-page","status-publish","post-password-required","hentry"],"yoast_head":"<!-- This site is optimized with the Yoast SEO plugin v27.4 - https:\/\/yoast.com\/product\/yoast-seo-wordpress\/ -->\n<title>Georges Yvonne - P\u00e9pini\u00e8re du bois de Lalau<\/title>\n<meta name=\"robots\" content=\"index, follow, max-snippet:-1, max-image-preview:large, max-video-preview:-1\" \/>\n<link rel=\"canonical\" href=\"https:\/\/www.pepiniere-boisdelalau.fr\/index.php\/georges-yvonne\/\" \/>\n<meta name=\"twitter:label1\" content=\"Dur\u00e9e de lecture estim\u00e9e\" \/>\n\t<meta name=\"twitter:data1\" content=\"1 minute\" \/>\n<script type=\"application\/ld+json\" class=\"yoast-schema-graph\">{\"@context\":\"https:\\\/\\\/schema.org\",\"@graph\":[{\"@type\":\"WebPage\",\"@id\":\"https:\\\/\\\/www.pepiniere-boisdelalau.fr\\\/index.php\\\/georges-yvonne\\\/\",\"url\":\"https:\\\/\\\/www.pepiniere-boisdelalau.fr\\\/index.php\\\/georges-yvonne\\\/\",\"name\":\"Georges Yvonne - P\u00e9pini\u00e8re du bois de Lalau\",\"isPartOf\":{\"@id\":\"https:\\\/\\\/www.pepiniere-boisdelalau.fr\\\/#website\"},\"datePublished\":\"2022-10-27T09:03:22+00:00\",\"dateModified\":\"2023-05-18T17:47:18+00:00\",\"breadcrumb\":{\"@id\":\"https:\\\/\\\/www.pepiniere-boisdelalau.fr\\\/index.php\\\/georges-yvonne\\\/#breadcrumb\"},\"inLanguage\":\"fr-FR\"},{\"@type\":\"WebSite\",\"@id\":\"https:\\\/\\\/www.pepiniere-boisdelalau.fr\\\/#website\",\"url\":\"https:\\\/\\\/www.pepiniere-boisdelalau.fr\\\/\",\"name\":\"P\u00e9pini\u00e8re le bois de Lalau\",\"description\":\"P\u00e9pini\u00e8riste paysan-producteur\",\"publisher\":{\"@id\":\"https:\\\/\\\/www.pepiniere-boisdelalau.fr\\\/#organization\"},\"potentialAction\":[{\"@type\":\"SearchAction\",\"target\":{\"@type\":\"EntryPoint\",\"urlTemplate\":\"https:\\\/\\\/www.pepiniere-boisdelalau.fr\\\/?s={search_term_string}\"},\"query-input\":{\"@type\":\"PropertyValueSpecification\",\"valueRequired\":true,\"valueName\":\"search_term_string\"}}],\"inLanguage\":\"fr-FR\"},{\"@type\":\"Organization\",\"@id\":\"https:\\\/\\\/www.pepiniere-boisdelalau.fr\\\/#organization\",\"name\":\"P\u00e9pini\u00e8re le bois de Lalau\",\"url\":\"https:\\\/\\\/www.pepiniere-boisdelalau.fr\\\/\",\"logo\":{\"@type\":\"ImageObject\",\"inLanguage\":\"fr-FR\",\"@id\":\"https:\\\/\\\/www.pepiniere-boisdelalau.fr\\\/#\\\/schema\\\/logo\\\/image\\\/\",\"url\":\"\",\"contentUrl\":\"\",\"caption\":\"P\u00e9pini\u00e8re le bois de Lalau\"},\"image\":{\"@id\":\"https:\\\/\\\/www.pepiniere-boisdelalau.fr\\\/#\\\/schema\\\/logo\\\/image\\\/\"},\"sameAs\":[\"https:\\\/\\\/www.facebook.com\\\/pepiniereboisdelalau\"]}]}<\/script>\n<!-- \/ Yoast SEO plugin. -->","yoast_head_json":{"title":"Georges Yvonne - P\u00e9pini\u00e8re du bois de Lalau","robots":{"index":"index","follow":"follow","max-snippet":"max-snippet:-1","max-image-preview":"max-image-preview:large","max-video-preview":"max-video-preview:-1"},"canonical":"https:\/\/www.pepiniere-boisdelalau.fr\/index.php\/georges-yvonne\/","twitter_misc":{"Dur\u00e9e de lecture estim\u00e9e":"1 minute"},"schema":{"@context":"https:\/\/schema.org","@graph":[{"@type":"WebPage","@id":"https:\/\/www.pepiniere-boisdelalau.fr\/index.php\/georges-yvonne\/","url":"https:\/\/www.pepiniere-boisdelalau.fr\/index.php\/georges-yvonne\/","name":"Georges Yvonne - P\u00e9pini\u00e8re du bois de Lalau","isPartOf":{"@id":"https:\/\/www.pepiniere-boisdelalau.fr\/#website"},"datePublished":"2022-10-27T09:03:22+00:00","dateModified":"2023-05-18T17:47:18+00:00","breadcrumb":{"@id":"https:\/\/www.pepiniere-boisdelalau.fr\/index.php\/georges-yvonne\/#breadcrumb"},"inLanguage":"fr-FR"},{"@type":"WebSite","@id":"https:\/\/www.pepiniere-boisdelalau.fr\/#website","url":"https:\/\/www.pepiniere-boisdelalau.fr\/","name":"P\u00e9pini\u00e8re le bois de Lalau","description":"P\u00e9pini\u00e8riste paysan-producteur","publisher":{"@id":"https:\/\/www.pepiniere-boisdelalau.fr\/#organization"},"potentialAction":[{"@type":"SearchAction","target":{"@type":"EntryPoint","urlTemplate":"https:\/\/www.pepiniere-boisdelalau.fr\/?s={search_term_string}"},"query-input":{"@type":"PropertyValueSpecification","valueRequired":true,"valueName":"search_term_string"}}],"inLanguage":"fr-FR"},{"@type":"Organization","@id":"https:\/\/www.pepiniere-boisdelalau.fr\/#organization","name":"P\u00e9pini\u00e8re le bois de Lalau","url":"https:\/\/www.pepiniere-boisdelalau.fr\/","logo":{"@type":"ImageObject","inLanguage":"fr-FR","@id":"https:\/\/www.pepiniere-boisdelalau.fr\/#\/schema\/logo\/image\/","url":"","contentUrl":"","caption":"P\u00e9pini\u00e8re le bois de Lalau"},"image":{"@id":"https:\/\/www.pepiniere-boisdelalau.fr\/#\/schema\/logo\/image\/"},"sameAs":["https:\/\/www.facebook.com\/pepiniereboisdelalau"]}]}},"_links":{"self":[{"href":"https:\/\/www.pepiniere-boisdelalau.fr\/index.php\/wp-json\/wp\/v2\/pages\/440716","targetHints":{"allow":["GET"]}}],"collection":[{"href":"https:\/\/www.pepiniere-boisdelalau.fr\/index.php\/wp-json\/wp\/v2\/pages"}],"about":[{"href":"https:\/\/www.pepiniere-boisdelalau.fr\/index.php\/wp-json\/wp\/v2\/types\/page"}],"author":[{"embeddable":true,"href":"https:\/\/www.pepiniere-boisdelalau.fr\/index.php\/wp-json\/wp\/v2\/users\/1"}],"replies":[{"embeddable":true,"href":"https:\/\/www.pepiniere-boisdelalau.fr\/index.php\/wp-json\/wp\/v2\/comments?post=440716"}],"version-history":[{"count":0,"href":"https:\/\/www.pepiniere-boisdelalau.fr\/index.php\/wp-json\/wp\/v2\/pages\/440716\/revisions"}],"wp:attachment":[{"href":"https:\/\/www.pepiniere-boisdelalau.fr\/index.php\/wp-json\/wp\/v2\/media?parent=440716"}],"curies":[{"name":"wp","href":"https:\/\/api.w.org\/{rel}","templated":true}]}}